{"id":17,"date":"2025-07-24T05:03:03","date_gmt":"2025-07-23T21:03:03","guid":{"rendered":"https:\/\/alexkunztaipei.com\/de\/?page_id=17"},"modified":"2025-07-24T05:03:04","modified_gmt":"2025-07-23T21:03:04","slug":"impressum","status":"publish","type":"page","link":"https:\/\/alexkunztaipei.com\/de\/impressum\/","title":{"rendered":"Impressum"},"content":{"rendered":"\n<h1 class=\"wp-block-heading\">Impressum<\/h1>\n\n\n\n<h2 class=\"wp-block-heading\">Angaben gem\u00e4\u00df \u00a7 5 TMG<\/h2>\n\n\n\n<p>Dr. Alexander Kunz<br>c\/o Prof. I-Cheng Chen<br>National Taiwan Normal University, Gongguan Campus<br>Room D311, Science Building<br>No. 88, Sec. 4, Tingzhou Road<br>Taipei 11677, Taiwan<\/p>\n\n\n\n<h2 class=\"wp-block-heading\">Kontakt<\/h2>\n\n\n\n<p>E-Mail: info@alexkunztaipei.com<br>Website: <a href=\"https:\/\/alexkunztaipei.com\/de\">https:\/\/alexkunztaipei.com\/de<\/a><\/p>\n\n\n\n<h2 class=\"wp-block-heading\">T\u00e4tigkeit<\/h2>\n\n\n\n<p>Privat betriebener, aber gesch\u00e4ftsm\u00e4\u00dfiger Blog mit redaktionellen Inhalten \u00fcber Taiwan, erg\u00e4nzt durch Werbeanzeigen (Google AdSense) und freiwillige Unterst\u00fctzung durch Leser (Ko-fi).<\/p>\n\n\n\n<h2 class=\"wp-block-heading\">Verantwortlich f\u00fcr den Inhalt nach \u00a7 55 Abs. 2 RStV<\/h2>\n\n\n\n<p>Dr. Alexander Kunz<br>c\/o Prof. I-Cheng Chen<br>National Taiwan Normal University, Gongguan Campus<br>Room D311, Science Building<br>No. 88, Sec. 4, Tingzhou Road<br>Taipei 11677, Taiwan<\/p>\n\n\n\n<h2 class=\"wp-block-heading\">Online-Streitbeilegung<\/h2>\n\n\n\n<p>Ich bin nicht verpflichtet und nicht bereit, an einem Streitbeilegungsverfahren vor einer Verbraucherschlichtungsstelle teilzunehmen.<\/p>\n\n\n\n<h2 class=\"wp-block-heading\">Haftungsausschluss<\/h2>\n\n\n\n<p>Trotz sorgf\u00e4ltiger inhaltlicher Kontrolle \u00fcbernehme ich keine Haftung f\u00fcr die Inhalte externer Links. F\u00fcr den Inhalt der verlinkten Seiten sind ausschlie\u00dflich deren Betreiber verantwortlich.<\/p>\n\n\n\n<h2 class=\"wp-block-heading\">Urheberrecht<\/h2>\n\n\n\n<p>Die durch den Seitenbetreiber erstellten Inhalte und Werke auf dieser Website unterliegen dem Urheberrecht. In der Regel gilt das deutsche Urheberrecht. Bei internationalen Zugriffen gelten sinngem\u00e4\u00df die einschl\u00e4gigen Urheberrechtsregelungen des jeweiligen Landes. Beitr\u00e4ge Dritter sind als solche gekennzeichnet. Die Vervielf\u00e4ltigung, Bearbeitung, Verbreitung und jede Art der Verwertung au\u00dferhalb der Grenzen des Urheberrechts bed\u00fcrfen der schriftlichen Zustimmung des jeweiligen Autors bzw. Erstellers.<\/p>\n","protected":false},"excerpt":{"rendered":"<p>Impressum Angaben gem\u00e4\u00df \u00a7 5 TMG Dr. Alexander Kunzc\/o Prof. I-Cheng ChenNational Taiwan Normal University, Gongguan CampusRoom D311, Science BuildingNo. 88, Sec. 4, Tingzhou RoadTaipei 11677, Taiwan Kontakt E-Mail: info@alexkunztaipei.comWebsite: https:\/\/alexkunztaipei.com\/de T\u00e4tigkeit Privat betriebener, aber gesch\u00e4ftsm\u00e4\u00dfiger Blog mit redaktionellen Inhalten \u00fcber Taiwan, erg\u00e4nzt durch Werbeanzeigen (Google AdSense) und freiwillige Unterst\u00fctzung durch Leser (Ko-fi). Verantwortlich f\u00fcr [&hellip;]<\/p>\n","protected":false},"author":1,"featured_media":0,"parent":0,"menu_order":6,"comment_status":"closed","ping_status":"closed","template":"","meta":{"site-container-style":"default","site-container-layout":"default","site-sidebar-layout":"default","disable-article-header":"default","disable-site-header":"default","disable-site-footer":"default","disable-content-area-spacing":"default","footnotes":""},"class_list":["post-17","page","type-page","status-publish","hentry"],"yoast_head":"<!-- This site is optimized with the Yoast SEO plugin v26.6 - https:\/\/yoast.com\/wordpress\/plugins\/seo\/ -->\n<title>Impressum | Alex Kunz Taipei auf Deutsch<\/title>\n<meta name=\"description\" content=\"Impressum f\u00fcr die deutschsprachige Version von Alex Kunz Taipei. Angaben gem\u00e4\u00df \u00a7\u202f5 TMG, Kontaktinformationen und rechtliche Hinweise.\" \/>\n<meta name=\"robots\" content=\"noindex, follow\" \/>\n<meta property=\"og:locale\" content=\"de_DE\" \/>\n<meta property=\"og:type\" content=\"article\" \/>\n<meta property=\"og:title\" content=\"Impressum | Alex Kunz Taipei auf Deutsch\" \/>\n<meta property=\"og:description\" content=\"Impressum f\u00fcr die deutschsprachige Version von Alex Kunz Taipei. Angaben gem\u00e4\u00df \u00a7\u202f5 TMG, Kontaktinformationen und rechtliche Hinweise.\" \/>\n<meta property=\"og:url\" content=\"https:\/\/alexkunztaipei.com\/de\/impressum\/\" \/>\n<meta property=\"og:site_name\" content=\"Alex Kunz Taipei auf Deutsch\" \/>\n<meta property=\"article:publisher\" content=\"https:\/\/www.facebook.com\/alexkunztaipei\/\" \/>\n<meta property=\"article:modified_time\" content=\"2025-07-23T21:03:04+00:00\" \/>\n<meta property=\"og:image\" content=\"https:\/\/alexkunztaipei.com\/de\/wp-content\/uploads\/2025\/06\/website-image.jpg\" \/>\n\t<meta property=\"og:image:width\" content=\"1200\" \/>\n\t<meta property=\"og:image:height\" content=\"675\" \/>\n\t<meta property=\"og:image:type\" content=\"image\/jpeg\" \/>\n<meta name=\"twitter:card\" content=\"summary_large_image\" \/>\n<meta name=\"twitter:label1\" content=\"Gesch\u00e4tzte Lesezeit\" \/>\n\t<meta name=\"twitter:data1\" content=\"2\u00a0Minuten\" \/>\n<script type=\"application\/ld+json\" class=\"yoast-schema-graph\">{\"@context\":\"https:\/\/schema.org\",\"@graph\":[{\"@type\":\"WebPage\",\"@id\":\"https:\/\/alexkunztaipei.com\/de\/impressum\/\",\"url\":\"https:\/\/alexkunztaipei.com\/de\/impressum\/\",\"name\":\"Impressum | Alex Kunz Taipei auf Deutsch\",\"isPartOf\":{\"@id\":\"https:\/\/alexkunztaipei.com\/de\/#website\"},\"datePublished\":\"2025-07-23T21:03:03+00:00\",\"dateModified\":\"2025-07-23T21:03:04+00:00\",\"description\":\"Impressum f\u00fcr die deutschsprachige Version von Alex Kunz Taipei. Angaben gem\u00e4\u00df \u00a7\u202f5 TMG, Kontaktinformationen und rechtliche Hinweise.\",\"breadcrumb\":{\"@id\":\"https:\/\/alexkunztaipei.com\/de\/impressum\/#breadcrumb\"},\"inLanguage\":\"de\",\"potentialAction\":[{\"@type\":\"ReadAction\",\"target\":[\"https:\/\/alexkunztaipei.com\/de\/impressum\/\"]}]},{\"@type\":\"BreadcrumbList\",\"@id\":\"https:\/\/alexkunztaipei.com\/de\/impressum\/#breadcrumb\",\"itemListElement\":[{\"@type\":\"ListItem\",\"position\":1,\"name\":\"Startseite\",\"item\":\"https:\/\/alexkunztaipei.com\/de\/\"},{\"@type\":\"ListItem\",\"position\":2,\"name\":\"Impressum\"}]},{\"@type\":\"WebSite\",\"@id\":\"https:\/\/alexkunztaipei.com\/de\/#website\",\"url\":\"https:\/\/alexkunztaipei.com\/de\/\",\"name\":\"Alex Kunz Taipei auf Deutsch\",\"description\":\"Taiwan entdecken \u2013 mit Geschichten, Zahlen und Bildern\",\"publisher\":{\"@id\":\"https:\/\/alexkunztaipei.com\/de\/#\/schema\/person\/94fe6c3262c27dc420b69671af794176\"},\"alternateName\":\"AK Taipei\",\"potentialAction\":[{\"@type\":\"SearchAction\",\"target\":{\"@type\":\"EntryPoint\",\"urlTemplate\":\"https:\/\/alexkunztaipei.com\/de\/?s={search_term_string}\"},\"query-input\":{\"@type\":\"PropertyValueSpecification\",\"valueRequired\":true,\"valueName\":\"search_term_string\"}}],\"inLanguage\":\"de\"},{\"@type\":[\"Person\",\"Organization\"],\"@id\":\"https:\/\/alexkunztaipei.com\/de\/#\/schema\/person\/94fe6c3262c27dc420b69671af794176\",\"name\":\"Alex Kunz\",\"image\":{\"@type\":\"ImageObject\",\"inLanguage\":\"de\",\"@id\":\"https:\/\/alexkunztaipei.com\/de\/#\/schema\/person\/image\/\",\"url\":\"https:\/\/alexkunztaipei.com\/de\/wp-content\/uploads\/2025\/05\/Alex-Kunz-Profile-Picture.jpg\",\"contentUrl\":\"https:\/\/alexkunztaipei.com\/de\/wp-content\/uploads\/2025\/05\/Alex-Kunz-Profile-Picture.jpg\",\"width\":533,\"height\":800,\"caption\":\"Alex Kunz\"},\"logo\":{\"@id\":\"https:\/\/alexkunztaipei.com\/de\/#\/schema\/person\/image\/\"},\"description\":\"Alexander Kunz ist Blogger, Forscher und Hobbyfotograf mit Wohnsitz in Taiwan. Seit \u00fcber zehn Jahren dokumentiert er kulturelle, gesellschaftliche und geografische Aspekte des Landes. Auf seinem Blog teilt er pers\u00f6nliche Einblicke, Karten und Datenvisualisierungen. Seine Beitr\u00e4ge richten sich an alle, die Taiwan abseits der Schlagzeilen kennenlernen m\u00f6chten.\",\"sameAs\":[\"https:\/\/alexkunztaipei.com\/de\",\"https:\/\/www.facebook.com\/alexkunztaipei\/\",\"https:\/\/www.instagram.com\/taiwan_maps_and_dataviz\/\",\"https:\/\/www.linkedin.com\/in\/alexander-kunz-in-taiwan\/\"]}]}<\/script>\n<!-- \/ Yoast SEO plugin. -->","yoast_head_json":{"title":"Impressum | Alex Kunz Taipei auf Deutsch","description":"Impressum f\u00fcr die deutschsprachige Version von Alex Kunz Taipei. Angaben gem\u00e4\u00df \u00a7\u202f5 TMG, Kontaktinformationen und rechtliche Hinweise.","robots":{"index":"noindex","follow":"follow"},"og_locale":"de_DE","og_type":"article","og_title":"Impressum | Alex Kunz Taipei auf Deutsch","og_description":"Impressum f\u00fcr die deutschsprachige Version von Alex Kunz Taipei. Angaben gem\u00e4\u00df \u00a7\u202f5 TMG, Kontaktinformationen und rechtliche Hinweise.","og_url":"https:\/\/alexkunztaipei.com\/de\/impressum\/","og_site_name":"Alex Kunz Taipei auf Deutsch","article_publisher":"https:\/\/www.facebook.com\/alexkunztaipei\/","article_modified_time":"2025-07-23T21:03:04+00:00","og_image":[{"width":1200,"height":675,"url":"https:\/\/alexkunztaipei.com\/de\/wp-content\/uploads\/2025\/06\/website-image.jpg","type":"image\/jpeg"}],"twitter_card":"summary_large_image","twitter_misc":{"Gesch\u00e4tzte Lesezeit":"2\u00a0Minuten"},"schema":{"@context":"https:\/\/schema.org","@graph":[{"@type":"WebPage","@id":"https:\/\/alexkunztaipei.com\/de\/impressum\/","url":"https:\/\/alexkunztaipei.com\/de\/impressum\/","name":"Impressum | Alex Kunz Taipei auf Deutsch","isPartOf":{"@id":"https:\/\/alexkunztaipei.com\/de\/#website"},"datePublished":"2025-07-23T21:03:03+00:00","dateModified":"2025-07-23T21:03:04+00:00","description":"Impressum f\u00fcr die deutschsprachige Version von Alex Kunz Taipei. Angaben gem\u00e4\u00df \u00a7\u202f5 TMG, Kontaktinformationen und rechtliche Hinweise.","breadcrumb":{"@id":"https:\/\/alexkunztaipei.com\/de\/impressum\/#breadcrumb"},"inLanguage":"de","potentialAction":[{"@type":"ReadAction","target":["https:\/\/alexkunztaipei.com\/de\/impressum\/"]}]},{"@type":"BreadcrumbList","@id":"https:\/\/alexkunztaipei.com\/de\/impressum\/#breadcrumb","itemListElement":[{"@type":"ListItem","position":1,"name":"Startseite","item":"https:\/\/alexkunztaipei.com\/de\/"},{"@type":"ListItem","position":2,"name":"Impressum"}]},{"@type":"WebSite","@id":"https:\/\/alexkunztaipei.com\/de\/#website","url":"https:\/\/alexkunztaipei.com\/de\/","name":"Alex Kunz Taipei auf Deutsch","description":"Taiwan entdecken \u2013 mit Geschichten, Zahlen und Bildern","publisher":{"@id":"https:\/\/alexkunztaipei.com\/de\/#\/schema\/person\/94fe6c3262c27dc420b69671af794176"},"alternateName":"AK Taipei","potentialAction":[{"@type":"SearchAction","target":{"@type":"EntryPoint","urlTemplate":"https:\/\/alexkunztaipei.com\/de\/?s={search_term_string}"},"query-input":{"@type":"PropertyValueSpecification","valueRequired":true,"valueName":"search_term_string"}}],"inLanguage":"de"},{"@type":["Person","Organization"],"@id":"https:\/\/alexkunztaipei.com\/de\/#\/schema\/person\/94fe6c3262c27dc420b69671af794176","name":"Alex Kunz","image":{"@type":"ImageObject","inLanguage":"de","@id":"https:\/\/alexkunztaipei.com\/de\/#\/schema\/person\/image\/","url":"https:\/\/alexkunztaipei.com\/de\/wp-content\/uploads\/2025\/05\/Alex-Kunz-Profile-Picture.jpg","contentUrl":"https:\/\/alexkunztaipei.com\/de\/wp-content\/uploads\/2025\/05\/Alex-Kunz-Profile-Picture.jpg","width":533,"height":800,"caption":"Alex Kunz"},"logo":{"@id":"https:\/\/alexkunztaipei.com\/de\/#\/schema\/person\/image\/"},"description":"Alexander Kunz ist Blogger, Forscher und Hobbyfotograf mit Wohnsitz in Taiwan. Seit \u00fcber zehn Jahren dokumentiert er kulturelle, gesellschaftliche und geografische Aspekte des Landes. Auf seinem Blog teilt er pers\u00f6nliche Einblicke, Karten und Datenvisualisierungen. Seine Beitr\u00e4ge richten sich an alle, die Taiwan abseits der Schlagzeilen kennenlernen m\u00f6chten.","sameAs":["https:\/\/alexkunztaipei.com\/de","https:\/\/www.facebook.com\/alexkunztaipei\/","https:\/\/www.instagram.com\/taiwan_maps_and_dataviz\/","https:\/\/www.linkedin.com\/in\/alexander-kunz-in-taiwan\/"]}]}},"_links":{"self":[{"href":"https:\/\/alexkunztaipei.com\/de\/wp-json\/wp\/v2\/pages\/17","targetHints":{"allow":["GET"]}}],"collection":[{"href":"https:\/\/alexkunztaipei.com\/de\/wp-json\/wp\/v2\/pages"}],"about":[{"href":"https:\/\/alexkunztaipei.com\/de\/wp-json\/wp\/v2\/types\/page"}],"author":[{"embeddable":true,"href":"https:\/\/alexkunztaipei.com\/de\/wp-json\/wp\/v2\/users\/1"}],"replies":[{"embeddable":true,"href":"https:\/\/alexkunztaipei.com\/de\/wp-json\/wp\/v2\/comments?post=17"}],"version-history":[{"count":4,"href":"https:\/\/alexkunztaipei.com\/de\/wp-json\/wp\/v2\/pages\/17\/revisions"}],"predecessor-version":[{"id":412,"href":"https:\/\/alexkunztaipei.com\/de\/wp-json\/wp\/v2\/pages\/17\/revisions\/412"}],"wp:attachment":[{"href":"https:\/\/alexkunztaipei.com\/de\/wp-json\/wp\/v2\/media?parent=17"}],"curies":[{"name":"wp","href":"https:\/\/api.w.org\/{rel}","templated":true}]}}