{"id":21,"date":"2025-06-03T19:08:25","date_gmt":"2025-06-03T11:08:25","guid":{"rendered":"https:\/\/alexkunztaipei.com\/de\/?page_id=21"},"modified":"2025-06-03T19:08:26","modified_gmt":"2025-06-03T11:08:26","slug":"kontakt","status":"publish","type":"page","link":"https:\/\/alexkunztaipei.com\/de\/kontakt\/","title":{"rendered":"Kontakt"},"content":{"rendered":"\n<div class=\"wp-block-columns is-layout-flex wp-container-core-columns-is-layout-28f84493 wp-block-columns-is-layout-flex\">\n<div class=\"wp-block-column is-layout-flow wp-block-column-is-layout-flow\" style=\"flex-basis:25%\"><\/div>\n\n\n\n<div class=\"wp-block-column is-layout-flow wp-block-column-is-layout-flow\" style=\"flex-basis:50%\">\n<h1 class=\"wp-block-heading\">Kontakt<\/h1>\n\n\n\n<p class=\"has-text-color\" style=\"color:#000000;font-size:clamp(14px, 0.875rem + ((1vw - 3.2px) * 0.341), 17px);\">Vielen Dank f\u00fcr Deinen Besuch auf meinem Blog! Ich freue mich, von Dir zu h\u00f6ren. Wenn Du eine Frage hast, Feedback geben oder einfach in Kontakt treten m\u00f6chtest \u2013 nutze gerne das untenstehende Formular. Ich melde mich so schnell wie m\u00f6glich bei Dir.<\/p>\n\n\n\n<p class=\"has-text-color\" style=\"color:#000000;font-size:clamp(14px, 0.875rem + ((1vw - 3.2px) * 0.341), 17px);\">F\u00fcr weitere Einblicke und aktuelle Beitr\u00e4ge kannst du mir auch auf diversen Social Media Kan\u00e4len folgen.<\/p>\n\n\n\n<p class=\"has-text-color\" style=\"color:#000000;font-size:clamp(14px, 0.875rem + ((1vw - 3.2px) * 0.341), 17px);\">Ich freue mich auf Deine Nachricht!<\/p>\n<\/div>\n\n\n\n<div class=\"wp-block-column is-layout-flow wp-block-column-is-layout-flow\" style=\"flex-basis:25%\"><\/div>\n<\/div>\n\n\n\n<div style=\"height:51px\" aria-hidden=\"true\" class=\"wp-block-spacer\"><\/div>\n\n\n\n<div class=\"wp-block-columns is-layout-flex wp-container-core-columns-is-layout-28f84493 wp-block-columns-is-layout-flex\">\n<div class=\"wp-block-column is-layout-flow wp-block-column-is-layout-flow\" style=\"flex-basis:25%\"><\/div>\n\n\n\n<div class=\"wp-block-column is-layout-flow wp-block-column-is-layout-flow\" style=\"flex-basis:50%\">\n<h2 class=\"wp-block-heading\">Kontaktformular<\/h2>\n\n\n\n<div class=\"forminator-guttenberg\"><form id=\"forminator-module-171\" class=\"forminator-custom-form forminator-custom-form-171\" method=\"post\" data-forminator-render=\"0\" data-uid=\"69dda6bbe3196\"><div role=\"alert\" aria-live=\"polite\" class=\"forminator-response-message forminator-error\" aria-hidden=\"true\"><\/div><\/form><\/div>\n\n\n\n<p><strong>Hinweis:<\/strong><br>Die von Ihnen \u00fcbermittelten Daten werden ausschlie\u00dflich zur Bearbeitung Ihrer Anfrage verwendet. Es erfolgt keine Weitergabe an Dritte und keine weitere Verarbeitung zu anderen Zwecken. Weitere Informationen finden Sie in unserer <a href=\"https:\/\/alexkunztaipei.com\/de\/datenschutz\/\" target=\"_blank\" rel=\"noreferrer noopener\">Datenschutzerkl\u00e4rung<\/a>.<\/p>\n<\/div>\n\n\n\n<div class=\"wp-block-column is-layout-flow wp-block-column-is-layout-flow\" style=\"flex-basis:25%\"><\/div>\n<\/div>\n\n\n\n<hr class=\"wp-block-separator has-alpha-channel-opacity\"\/>\n\n\n\n<div class=\"wp-block-columns alignwide is-layout-flex wp-container-core-columns-is-layout-28f84493 wp-block-columns-is-layout-flex\">\n<div class=\"wp-block-column is-layout-flow wp-block-column-is-layout-flow\">\n<ul class=\"wp-block-social-links has-visible-labels is-content-justification-center is-layout-flex wp-container-core-social-links-is-layout-a89b3969 wp-block-social-links-is-layout-flex\"><li class=\"wp-social-link wp-social-link-facebook  wp-block-social-link\"><a rel=\"noopener nofollow\" target=\"_blank\" href=\"https:\/\/facebook.com\/alexkunztaipei\" class=\"wp-block-social-link-anchor\"><svg width=\"24\" height=\"24\" viewBox=\"0 0 24 24\" version=\"1.1\" xmlns=\"http:\/\/www.w3.org\/2000\/svg\" aria-hidden=\"true\" focusable=\"false\"><path d=\"M12 2C6.5 2 2 6.5 2 12c0 5 3.7 9.1 8.4 9.9v-7H7.9V12h2.5V9.8c0-2.5 1.5-3.9 3.8-3.9 1.1 0 2.2.2 2.2.2v2.5h-1.3c-1.2 0-1.6.8-1.6 1.6V12h2.8l-.4 2.9h-2.3v7C18.3 21.1 22 17 22 12c0-5.5-4.5-10-10-10z\"><\/path><\/svg><span class=\"wp-block-social-link-label\">Alex Kunz Taipei<\/span><\/a><\/li><\/ul>\n<\/div>\n\n\n\n<div class=\"wp-block-column is-layout-flow wp-block-column-is-layout-flow\">\n<ul class=\"wp-block-social-links has-visible-labels is-content-justification-center is-layout-flex wp-container-core-social-links-is-layout-a89b3969 wp-block-social-links-is-layout-flex\"><li class=\"wp-social-link wp-social-link-instagram  wp-block-social-link\"><a rel=\"noopener nofollow\" target=\"_blank\" href=\"https:\/\/www.instagram.com\/taiwan_maps_and_dataviz\/\" class=\"wp-block-social-link-anchor\"><svg width=\"24\" height=\"24\" viewBox=\"0 0 24 24\" version=\"1.1\" xmlns=\"http:\/\/www.w3.org\/2000\/svg\" aria-hidden=\"true\" focusable=\"false\"><path d=\"M12,4.622c2.403,0,2.688,0.009,3.637,0.052c0.877,0.04,1.354,0.187,1.671,0.31c0.42,0.163,0.72,0.358,1.035,0.673 c0.315,0.315,0.51,0.615,0.673,1.035c0.123,0.317,0.27,0.794,0.31,1.671c0.043,0.949,0.052,1.234,0.052,3.637 s-0.009,2.688-0.052,3.637c-0.04,0.877-0.187,1.354-0.31,1.671c-0.163,0.42-0.358,0.72-0.673,1.035 c-0.315,0.315-0.615,0.51-1.035,0.673c-0.317,0.123-0.794,0.27-1.671,0.31c-0.949,0.043-1.233,0.052-3.637,0.052 s-2.688-0.009-3.637-0.052c-0.877-0.04-1.354-0.187-1.671-0.31c-0.42-0.163-0.72-0.358-1.035-0.673 c-0.315-0.315-0.51-0.615-0.673-1.035c-0.123-0.317-0.27-0.794-0.31-1.671C4.631,14.688,4.622,14.403,4.622,12 s0.009-2.688,0.052-3.637c0.04-0.877,0.187-1.354,0.31-1.671c0.163-0.42,0.358-0.72,0.673-1.035 c0.315-0.315,0.615-0.51,1.035-0.673c0.317-0.123,0.794-0.27,1.671-0.31C9.312,4.631,9.597,4.622,12,4.622 M12,3 C9.556,3,9.249,3.01,8.289,3.054C7.331,3.098,6.677,3.25,6.105,3.472C5.513,3.702,5.011,4.01,4.511,4.511 c-0.5,0.5-0.808,1.002-1.038,1.594C3.25,6.677,3.098,7.331,3.054,8.289C3.01,9.249,3,9.556,3,12c0,2.444,0.01,2.751,0.054,3.711 c0.044,0.958,0.196,1.612,0.418,2.185c0.23,0.592,0.538,1.094,1.038,1.594c0.5,0.5,1.002,0.808,1.594,1.038 c0.572,0.222,1.227,0.375,2.185,0.418C9.249,20.99,9.556,21,12,21s2.751-0.01,3.711-0.054c0.958-0.044,1.612-0.196,2.185-0.418 c0.592-0.23,1.094-0.538,1.594-1.038c0.5-0.5,0.808-1.002,1.038-1.594c0.222-0.572,0.375-1.227,0.418-2.185 C20.99,14.751,21,14.444,21,12s-0.01-2.751-0.054-3.711c-0.044-0.958-0.196-1.612-0.418-2.185c-0.23-0.592-0.538-1.094-1.038-1.594 c-0.5-0.5-1.002-0.808-1.594-1.038c-0.572-0.222-1.227-0.375-2.185-0.418C14.751,3.01,14.444,3,12,3L12,3z M12,7.378 c-2.552,0-4.622,2.069-4.622,4.622S9.448,16.622,12,16.622s4.622-2.069,4.622-4.622S14.552,7.378,12,7.378z M12,15 c-1.657,0-3-1.343-3-3s1.343-3,3-3s3,1.343,3,3S13.657,15,12,15z M16.804,6.116c-0.596,0-1.08,0.484-1.08,1.08 s0.484,1.08,1.08,1.08c0.596,0,1.08-0.484,1.08-1.08S17.401,6.116,16.804,6.116z\"><\/path><\/svg><span class=\"wp-block-social-link-label\">Taiwan Maps and Dataviz<\/span><\/a><\/li><\/ul>\n<\/div>\n\n\n\n<div class=\"wp-block-column is-layout-flow wp-block-column-is-layout-flow\">\n<ul class=\"wp-block-social-links has-visible-labels is-content-justification-center is-layout-flex wp-container-core-social-links-is-layout-a89b3969 wp-block-social-links-is-layout-flex\"><li class=\"wp-social-link wp-social-link-instagram  wp-block-social-link\"><a rel=\"noopener nofollow\" target=\"_blank\" href=\"https:\/\/www.instagram.com\/eyes_on_taiwan\/on%20Taiwan\" class=\"wp-block-social-link-anchor\"><svg width=\"24\" height=\"24\" viewBox=\"0 0 24 24\" version=\"1.1\" xmlns=\"http:\/\/www.w3.org\/2000\/svg\" aria-hidden=\"true\" focusable=\"false\"><path d=\"M12,4.622c2.403,0,2.688,0.009,3.637,0.052c0.877,0.04,1.354,0.187,1.671,0.31c0.42,0.163,0.72,0.358,1.035,0.673 c0.315,0.315,0.51,0.615,0.673,1.035c0.123,0.317,0.27,0.794,0.31,1.671c0.043,0.949,0.052,1.234,0.052,3.637 s-0.009,2.688-0.052,3.637c-0.04,0.877-0.187,1.354-0.31,1.671c-0.163,0.42-0.358,0.72-0.673,1.035 c-0.315,0.315-0.615,0.51-1.035,0.673c-0.317,0.123-0.794,0.27-1.671,0.31c-0.949,0.043-1.233,0.052-3.637,0.052 s-2.688-0.009-3.637-0.052c-0.877-0.04-1.354-0.187-1.671-0.31c-0.42-0.163-0.72-0.358-1.035-0.673 c-0.315-0.315-0.51-0.615-0.673-1.035c-0.123-0.317-0.27-0.794-0.31-1.671C4.631,14.688,4.622,14.403,4.622,12 s0.009-2.688,0.052-3.637c0.04-0.877,0.187-1.354,0.31-1.671c0.163-0.42,0.358-0.72,0.673-1.035 c0.315-0.315,0.615-0.51,1.035-0.673c0.317-0.123,0.794-0.27,1.671-0.31C9.312,4.631,9.597,4.622,12,4.622 M12,3 C9.556,3,9.249,3.01,8.289,3.054C7.331,3.098,6.677,3.25,6.105,3.472C5.513,3.702,5.011,4.01,4.511,4.511 c-0.5,0.5-0.808,1.002-1.038,1.594C3.25,6.677,3.098,7.331,3.054,8.289C3.01,9.249,3,9.556,3,12c0,2.444,0.01,2.751,0.054,3.711 c0.044,0.958,0.196,1.612,0.418,2.185c0.23,0.592,0.538,1.094,1.038,1.594c0.5,0.5,1.002,0.808,1.594,1.038 c0.572,0.222,1.227,0.375,2.185,0.418C9.249,20.99,9.556,21,12,21s2.751-0.01,3.711-0.054c0.958-0.044,1.612-0.196,2.185-0.418 c0.592-0.23,1.094-0.538,1.594-1.038c0.5-0.5,0.808-1.002,1.038-1.594c0.222-0.572,0.375-1.227,0.418-2.185 C20.99,14.751,21,14.444,21,12s-0.01-2.751-0.054-3.711c-0.044-0.958-0.196-1.612-0.418-2.185c-0.23-0.592-0.538-1.094-1.038-1.594 c-0.5-0.5-1.002-0.808-1.594-1.038c-0.572-0.222-1.227-0.375-2.185-0.418C14.751,3.01,14.444,3,12,3L12,3z M12,7.378 c-2.552,0-4.622,2.069-4.622,4.622S9.448,16.622,12,16.622s4.622-2.069,4.622-4.622S14.552,7.378,12,7.378z M12,15 c-1.657,0-3-1.343-3-3s1.343-3,3-3s3,1.343,3,3S13.657,15,12,15z M16.804,6.116c-0.596,0-1.08,0.484-1.08,1.08 s0.484,1.08,1.08,1.08c0.596,0,1.08-0.484,1.08-1.08S17.401,6.116,16.804,6.116z\"><\/path><\/svg><span class=\"wp-block-social-link-label\">Eyes on Taiwan<\/span><\/a><\/li><\/ul>\n<\/div>\n<\/div>\n\n\n\n<div class=\"wp-block-columns alignwide is-layout-flex wp-container-core-columns-is-layout-28f84493 wp-block-columns-is-layout-flex\">\n<div class=\"wp-block-column is-layout-flow wp-block-column-is-layout-flow\">\n<ul class=\"wp-block-social-links has-visible-labels is-content-justification-center is-layout-flex wp-container-core-social-links-is-layout-a89b3969 wp-block-social-links-is-layout-flex\"><li class=\"wp-social-link wp-social-link-threads  wp-block-social-link\"><a rel=\"noopener nofollow\" target=\"_blank\" href=\"https:\/\/www.threads.net\/@taiwan_maps_and_dataviz\" class=\"wp-block-social-link-anchor\"><svg width=\"24\" height=\"24\" viewBox=\"0 0 24 24\" version=\"1.1\" xmlns=\"http:\/\/www.w3.org\/2000\/svg\" aria-hidden=\"true\" focusable=\"false\"><path d=\"M16.3 11.3c-.1 0-.2-.1-.2-.1-.1-2.6-1.5-4-3.9-4-1.4 0-2.6.6-3.3 1.7l1.3.9c.5-.8 1.4-1 2-1 .8 0 1.4.2 1.7.7.3.3.5.8.5 1.3-.7-.1-1.4-.2-2.2-.1-2.2.1-3.7 1.4-3.6 3.2 0 .9.5 1.7 1.3 2.2.7.4 1.5.6 2.4.6 1.2-.1 2.1-.5 2.7-1.3.5-.6.8-1.4.9-2.4.6.3 1 .8 1.2 1.3.4.9.4 2.4-.8 3.6-1.1 1.1-2.3 1.5-4.3 1.5-2.1 0-3.8-.7-4.8-2S5.7 14.3 5.7 12c0-2.3.5-4.1 1.5-5.4 1.1-1.3 2.7-2 4.8-2 2.2 0 3.8.7 4.9 2 .5.7.9 1.5 1.2 2.5l1.5-.4c-.3-1.2-.8-2.2-1.5-3.1-1.3-1.7-3.3-2.6-6-2.6-2.6 0-4.7.9-6 2.6C4.9 7.2 4.3 9.3 4.3 12s.6 4.8 1.9 6.4c1.4 1.7 3.4 2.6 6 2.6 2.3 0 4-.6 5.3-2 1.8-1.8 1.7-4 1.1-5.4-.4-.9-1.2-1.7-2.3-2.3zm-4 3.8c-1 .1-2-.4-2-1.3 0-.7.5-1.5 2.1-1.6h.5c.6 0 1.1.1 1.6.2-.2 2.3-1.3 2.7-2.2 2.7z\"\/><\/svg><span class=\"wp-block-social-link-label\">Threads<\/span><\/a><\/li><\/ul>\n<\/div>\n\n\n\n<div class=\"wp-block-column is-layout-flow wp-block-column-is-layout-flow\">\n<ul class=\"wp-block-social-links has-visible-labels is-content-justification-center is-layout-flex wp-container-core-social-links-is-layout-a89b3969 wp-block-social-links-is-layout-flex\"><li class=\"wp-social-link wp-social-link-bluesky  wp-block-social-link\"><a rel=\"noopener nofollow\" target=\"_blank\" href=\"https:\/\/bsky.app\/profile\/alexkunztaipei.com\" class=\"wp-block-social-link-anchor\"><svg width=\"24\" height=\"24\" viewBox=\"0 0 24 24\" version=\"1.1\" xmlns=\"http:\/\/www.w3.org\/2000\/svg\" aria-hidden=\"true\" focusable=\"false\"><path d=\"M6.3,4.2c2.3,1.7,4.8,5.3,5.7,7.2.9-1.9,3.4-5.4,5.7-7.2,1.7-1.3,4.3-2.2,4.3.9s-.4,5.2-.6,5.9c-.7,2.6-3.3,3.2-5.6,2.8,4,.7,5.1,3,2.9,5.3-5,5.2-6.7-2.8-6.7-2.8,0,0-1.7,8-6.7,2.8-2.2-2.3-1.2-4.6,2.9-5.3-2.3.4-4.9-.3-5.6-2.8-.2-.7-.6-5.3-.6-5.9,0-3.1,2.7-2.1,4.3-.9h0Z\"><\/path><\/svg><span class=\"wp-block-social-link-label\">Bluesky<\/span><\/a><\/li><\/ul>\n<\/div>\n\n\n\n<div class=\"wp-block-column is-layout-flow wp-block-column-is-layout-flow\">\n<ul class=\"wp-block-social-links has-visible-labels is-content-justification-center is-layout-flex wp-container-core-social-links-is-layout-a89b3969 wp-block-social-links-is-layout-flex\"><li class=\"wp-social-link wp-social-link-linkedin  wp-block-social-link\"><a rel=\"noopener nofollow\" target=\"_blank\" href=\"https:\/\/www.linkedin.com\/in\/alexander-kunz-taiwan\/\" class=\"wp-block-social-link-anchor\"><svg width=\"24\" height=\"24\" viewBox=\"0 0 24 24\" version=\"1.1\" xmlns=\"http:\/\/www.w3.org\/2000\/svg\" aria-hidden=\"true\" focusable=\"false\"><path d=\"M19.7,3H4.3C3.582,3,3,3.582,3,4.3v15.4C3,20.418,3.582,21,4.3,21h15.4c0.718,0,1.3-0.582,1.3-1.3V4.3 C21,3.582,20.418,3,19.7,3z M8.339,18.338H5.667v-8.59h2.672V18.338z M7.004,8.574c-0.857,0-1.549-0.694-1.549-1.548 c0-0.855,0.691-1.548,1.549-1.548c0.854,0,1.547,0.694,1.547,1.548C8.551,7.881,7.858,8.574,7.004,8.574z M18.339,18.338h-2.669 v-4.177c0-0.996-0.017-2.278-1.387-2.278c-1.389,0-1.601,1.086-1.601,2.206v4.249h-2.667v-8.59h2.559v1.174h0.037 c0.356-0.675,1.227-1.387,2.526-1.387c2.703,0,3.203,1.779,3.203,4.092V18.338z\"><\/path><\/svg><span class=\"wp-block-social-link-label\">LinkedIn<\/span><\/a><\/li><\/ul>\n<\/div>\n<\/div>\n\n\n\n<p><\/p>\n","protected":false},"excerpt":{"rendered":"<p>Kontakt Vielen Dank f\u00fcr Deinen Besuch auf meinem Blog! Ich freue mich, von Dir zu h\u00f6ren. Wenn Du eine Frage hast, Feedback geben oder einfach in Kontakt treten m\u00f6chtest \u2013 nutze gerne das untenstehende Formular. Ich melde mich so schnell wie m\u00f6glich bei Dir. F\u00fcr weitere Einblicke und aktuelle Beitr\u00e4ge kannst du mir auch auf [&hellip;]<\/p>\n","protected":false},"author":1,"featured_media":122,"parent":0,"menu_order":4,"comment_status":"closed","ping_status":"closed","template":"","meta":{"site-container-style":"default","site-container-layout":"default","site-sidebar-layout":"default","disable-article-header":"default","disable-site-header":"default","disable-site-footer":"default","disable-content-area-spacing":"default","footnotes":""},"class_list":["post-21","page","type-page","status-publish","has-post-thumbnail","hentry"],"yoast_head":"<!-- This site is optimized with the Yoast SEO plugin v26.6 - https:\/\/yoast.com\/wordpress\/plugins\/seo\/ -->\n<title>Kontakt | Alex Kunz Taipei auf Deutsch<\/title>\n<meta name=\"description\" content=\"Nimm Kontakt mit dem Autor des Blogs Alex Kunz Taipei auf. Hier findest du ein Kontaktformular und weitere M\u00f6glichkeiten zur Kontaktaufnahme.\" \/>\n<meta name=\"robots\" content=\"index, follow, max-snippet:-1, max-image-preview:large, max-video-preview:-1\" \/>\n<link rel=\"canonical\" href=\"https:\/\/alexkunztaipei.com\/de\/kontakt\/\" \/>\n<meta property=\"og:locale\" content=\"de_DE\" \/>\n<meta property=\"og:type\" content=\"article\" \/>\n<meta property=\"og:title\" content=\"Kontakt | Alex Kunz Taipei auf Deutsch\" \/>\n<meta property=\"og:description\" content=\"Nimm Kontakt mit dem Autor des Blogs Alex Kunz Taipei auf. Hier findest du ein Kontaktformular und weitere M\u00f6glichkeiten zur Kontaktaufnahme.\" \/>\n<meta property=\"og:url\" content=\"https:\/\/alexkunztaipei.com\/de\/kontakt\/\" \/>\n<meta property=\"og:site_name\" content=\"Alex Kunz Taipei auf Deutsch\" \/>\n<meta property=\"article:publisher\" content=\"https:\/\/www.facebook.com\/alexkunztaipei\/\" \/>\n<meta property=\"article:modified_time\" content=\"2025-06-03T11:08:26+00:00\" \/>\n<meta property=\"og:image\" content=\"https:\/\/alexkunztaipei.com\/de\/wp-content\/uploads\/2025\/06\/website-image.jpg\" \/>\n\t<meta property=\"og:image:width\" content=\"1200\" \/>\n\t<meta property=\"og:image:height\" content=\"675\" \/>\n\t<meta property=\"og:image:type\" content=\"image\/jpeg\" \/>\n<meta name=\"twitter:card\" content=\"summary_large_image\" \/>\n<meta name=\"twitter:label1\" content=\"Gesch\u00e4tzte Lesezeit\" \/>\n\t<meta name=\"twitter:data1\" content=\"1\u00a0Minute\" \/>\n<script type=\"application\/ld+json\" class=\"yoast-schema-graph\">{\"@context\":\"https:\/\/schema.org\",\"@graph\":[{\"@type\":[\"WebPage\",\"ContactPage\"],\"@id\":\"https:\/\/alexkunztaipei.com\/de\/kontakt\/\",\"url\":\"https:\/\/alexkunztaipei.com\/de\/kontakt\/\",\"name\":\"Kontakt | Alex Kunz Taipei auf Deutsch\",\"isPartOf\":{\"@id\":\"https:\/\/alexkunztaipei.com\/de\/#website\"},\"primaryImageOfPage\":{\"@id\":\"https:\/\/alexkunztaipei.com\/de\/kontakt\/#primaryimage\"},\"image\":{\"@id\":\"https:\/\/alexkunztaipei.com\/de\/kontakt\/#primaryimage\"},\"thumbnailUrl\":\"https:\/\/alexkunztaipei.com\/de\/wp-content\/uploads\/2025\/06\/website-image.jpg\",\"datePublished\":\"2025-06-03T11:08:25+00:00\",\"dateModified\":\"2025-06-03T11:08:26+00:00\",\"description\":\"Nimm Kontakt mit dem Autor des Blogs Alex Kunz Taipei auf. Hier findest du ein Kontaktformular und weitere M\u00f6glichkeiten zur Kontaktaufnahme.\",\"breadcrumb\":{\"@id\":\"https:\/\/alexkunztaipei.com\/de\/kontakt\/#breadcrumb\"},\"inLanguage\":\"de\",\"potentialAction\":[{\"@type\":\"ReadAction\",\"target\":[\"https:\/\/alexkunztaipei.com\/de\/kontakt\/\"]}]},{\"@type\":\"ImageObject\",\"inLanguage\":\"de\",\"@id\":\"https:\/\/alexkunztaipei.com\/de\/kontakt\/#primaryimage\",\"url\":\"https:\/\/alexkunztaipei.com\/de\/wp-content\/uploads\/2025\/06\/website-image.jpg\",\"contentUrl\":\"https:\/\/alexkunztaipei.com\/de\/wp-content\/uploads\/2025\/06\/website-image.jpg\",\"width\":1200,\"height\":675,\"caption\":\"fallback image for website\"},{\"@type\":\"BreadcrumbList\",\"@id\":\"https:\/\/alexkunztaipei.com\/de\/kontakt\/#breadcrumb\",\"itemListElement\":[{\"@type\":\"ListItem\",\"position\":1,\"name\":\"Startseite\",\"item\":\"https:\/\/alexkunztaipei.com\/de\/\"},{\"@type\":\"ListItem\",\"position\":2,\"name\":\"Kontakt\"}]},{\"@type\":\"WebSite\",\"@id\":\"https:\/\/alexkunztaipei.com\/de\/#website\",\"url\":\"https:\/\/alexkunztaipei.com\/de\/\",\"name\":\"Alex Kunz Taipei auf Deutsch\",\"description\":\"Taiwan entdecken \u2013 mit Geschichten, Zahlen und Bildern\",\"publisher\":{\"@id\":\"https:\/\/alexkunztaipei.com\/de\/#\/schema\/person\/94fe6c3262c27dc420b69671af794176\"},\"alternateName\":\"AK Taipei\",\"potentialAction\":[{\"@type\":\"SearchAction\",\"target\":{\"@type\":\"EntryPoint\",\"urlTemplate\":\"https:\/\/alexkunztaipei.com\/de\/?s={search_term_string}\"},\"query-input\":{\"@type\":\"PropertyValueSpecification\",\"valueRequired\":true,\"valueName\":\"search_term_string\"}}],\"inLanguage\":\"de\"},{\"@type\":[\"Person\",\"Organization\"],\"@id\":\"https:\/\/alexkunztaipei.com\/de\/#\/schema\/person\/94fe6c3262c27dc420b69671af794176\",\"name\":\"Alex Kunz\",\"image\":{\"@type\":\"ImageObject\",\"inLanguage\":\"de\",\"@id\":\"https:\/\/alexkunztaipei.com\/de\/#\/schema\/person\/image\/\",\"url\":\"https:\/\/alexkunztaipei.com\/de\/wp-content\/uploads\/2025\/05\/Alex-Kunz-Profile-Picture.jpg\",\"contentUrl\":\"https:\/\/alexkunztaipei.com\/de\/wp-content\/uploads\/2025\/05\/Alex-Kunz-Profile-Picture.jpg\",\"width\":533,\"height\":800,\"caption\":\"Alex Kunz\"},\"logo\":{\"@id\":\"https:\/\/alexkunztaipei.com\/de\/#\/schema\/person\/image\/\"},\"description\":\"Alexander Kunz ist Blogger, Forscher und Hobbyfotograf mit Wohnsitz in Taiwan. Seit \u00fcber zehn Jahren dokumentiert er kulturelle, gesellschaftliche und geografische Aspekte des Landes. Auf seinem Blog teilt er pers\u00f6nliche Einblicke, Karten und Datenvisualisierungen. Seine Beitr\u00e4ge richten sich an alle, die Taiwan abseits der Schlagzeilen kennenlernen m\u00f6chten.\",\"sameAs\":[\"https:\/\/alexkunztaipei.com\/de\",\"https:\/\/www.facebook.com\/alexkunztaipei\/\",\"https:\/\/www.instagram.com\/taiwan_maps_and_dataviz\/\",\"https:\/\/www.linkedin.com\/in\/alexander-kunz-in-taiwan\/\"]}]}<\/script>\n<!-- \/ Yoast SEO plugin. -->","yoast_head_json":{"title":"Kontakt | Alex Kunz Taipei auf Deutsch","description":"Nimm Kontakt mit dem Autor des Blogs Alex Kunz Taipei auf. Hier findest du ein Kontaktformular und weitere M\u00f6glichkeiten zur Kontaktaufnahme.","robots":{"index":"index","follow":"follow","max-snippet":"max-snippet:-1","max-image-preview":"max-image-preview:large","max-video-preview":"max-video-preview:-1"},"canonical":"https:\/\/alexkunztaipei.com\/de\/kontakt\/","og_locale":"de_DE","og_type":"article","og_title":"Kontakt | Alex Kunz Taipei auf Deutsch","og_description":"Nimm Kontakt mit dem Autor des Blogs Alex Kunz Taipei auf. Hier findest du ein Kontaktformular und weitere M\u00f6glichkeiten zur Kontaktaufnahme.","og_url":"https:\/\/alexkunztaipei.com\/de\/kontakt\/","og_site_name":"Alex Kunz Taipei auf Deutsch","article_publisher":"https:\/\/www.facebook.com\/alexkunztaipei\/","article_modified_time":"2025-06-03T11:08:26+00:00","og_image":[{"width":1200,"height":675,"url":"https:\/\/alexkunztaipei.com\/de\/wp-content\/uploads\/2025\/06\/website-image.jpg","type":"image\/jpeg"}],"twitter_card":"summary_large_image","twitter_misc":{"Gesch\u00e4tzte Lesezeit":"1\u00a0Minute"},"schema":{"@context":"https:\/\/schema.org","@graph":[{"@type":["WebPage","ContactPage"],"@id":"https:\/\/alexkunztaipei.com\/de\/kontakt\/","url":"https:\/\/alexkunztaipei.com\/de\/kontakt\/","name":"Kontakt | Alex Kunz Taipei auf Deutsch","isPartOf":{"@id":"https:\/\/alexkunztaipei.com\/de\/#website"},"primaryImageOfPage":{"@id":"https:\/\/alexkunztaipei.com\/de\/kontakt\/#primaryimage"},"image":{"@id":"https:\/\/alexkunztaipei.com\/de\/kontakt\/#primaryimage"},"thumbnailUrl":"https:\/\/alexkunztaipei.com\/de\/wp-content\/uploads\/2025\/06\/website-image.jpg","datePublished":"2025-06-03T11:08:25+00:00","dateModified":"2025-06-03T11:08:26+00:00","description":"Nimm Kontakt mit dem Autor des Blogs Alex Kunz Taipei auf. Hier findest du ein Kontaktformular und weitere M\u00f6glichkeiten zur Kontaktaufnahme.","breadcrumb":{"@id":"https:\/\/alexkunztaipei.com\/de\/kontakt\/#breadcrumb"},"inLanguage":"de","potentialAction":[{"@type":"ReadAction","target":["https:\/\/alexkunztaipei.com\/de\/kontakt\/"]}]},{"@type":"ImageObject","inLanguage":"de","@id":"https:\/\/alexkunztaipei.com\/de\/kontakt\/#primaryimage","url":"https:\/\/alexkunztaipei.com\/de\/wp-content\/uploads\/2025\/06\/website-image.jpg","contentUrl":"https:\/\/alexkunztaipei.com\/de\/wp-content\/uploads\/2025\/06\/website-image.jpg","width":1200,"height":675,"caption":"fallback image for website"},{"@type":"BreadcrumbList","@id":"https:\/\/alexkunztaipei.com\/de\/kontakt\/#breadcrumb","itemListElement":[{"@type":"ListItem","position":1,"name":"Startseite","item":"https:\/\/alexkunztaipei.com\/de\/"},{"@type":"ListItem","position":2,"name":"Kontakt"}]},{"@type":"WebSite","@id":"https:\/\/alexkunztaipei.com\/de\/#website","url":"https:\/\/alexkunztaipei.com\/de\/","name":"Alex Kunz Taipei auf Deutsch","description":"Taiwan entdecken \u2013 mit Geschichten, Zahlen und Bildern","publisher":{"@id":"https:\/\/alexkunztaipei.com\/de\/#\/schema\/person\/94fe6c3262c27dc420b69671af794176"},"alternateName":"AK Taipei","potentialAction":[{"@type":"SearchAction","target":{"@type":"EntryPoint","urlTemplate":"https:\/\/alexkunztaipei.com\/de\/?s={search_term_string}"},"query-input":{"@type":"PropertyValueSpecification","valueRequired":true,"valueName":"search_term_string"}}],"inLanguage":"de"},{"@type":["Person","Organization"],"@id":"https:\/\/alexkunztaipei.com\/de\/#\/schema\/person\/94fe6c3262c27dc420b69671af794176","name":"Alex Kunz","image":{"@type":"ImageObject","inLanguage":"de","@id":"https:\/\/alexkunztaipei.com\/de\/#\/schema\/person\/image\/","url":"https:\/\/alexkunztaipei.com\/de\/wp-content\/uploads\/2025\/05\/Alex-Kunz-Profile-Picture.jpg","contentUrl":"https:\/\/alexkunztaipei.com\/de\/wp-content\/uploads\/2025\/05\/Alex-Kunz-Profile-Picture.jpg","width":533,"height":800,"caption":"Alex Kunz"},"logo":{"@id":"https:\/\/alexkunztaipei.com\/de\/#\/schema\/person\/image\/"},"description":"Alexander Kunz ist Blogger, Forscher und Hobbyfotograf mit Wohnsitz in Taiwan. Seit \u00fcber zehn Jahren dokumentiert er kulturelle, gesellschaftliche und geografische Aspekte des Landes. Auf seinem Blog teilt er pers\u00f6nliche Einblicke, Karten und Datenvisualisierungen. Seine Beitr\u00e4ge richten sich an alle, die Taiwan abseits der Schlagzeilen kennenlernen m\u00f6chten.","sameAs":["https:\/\/alexkunztaipei.com\/de","https:\/\/www.facebook.com\/alexkunztaipei\/","https:\/\/www.instagram.com\/taiwan_maps_and_dataviz\/","https:\/\/www.linkedin.com\/in\/alexander-kunz-in-taiwan\/"]}]}},"_links":{"self":[{"href":"https:\/\/alexkunztaipei.com\/de\/wp-json\/wp\/v2\/pages\/21","targetHints":{"allow":["GET"]}}],"collection":[{"href":"https:\/\/alexkunztaipei.com\/de\/wp-json\/wp\/v2\/pages"}],"about":[{"href":"https:\/\/alexkunztaipei.com\/de\/wp-json\/wp\/v2\/types\/page"}],"author":[{"embeddable":true,"href":"https:\/\/alexkunztaipei.com\/de\/wp-json\/wp\/v2\/users\/1"}],"replies":[{"embeddable":true,"href":"https:\/\/alexkunztaipei.com\/de\/wp-json\/wp\/v2\/comments?post=21"}],"version-history":[{"count":9,"href":"https:\/\/alexkunztaipei.com\/de\/wp-json\/wp\/v2\/pages\/21\/revisions"}],"predecessor-version":[{"id":178,"href":"https:\/\/alexkunztaipei.com\/de\/wp-json\/wp\/v2\/pages\/21\/revisions\/178"}],"wp:featuredmedia":[{"embeddable":true,"href":"https:\/\/alexkunztaipei.com\/de\/wp-json\/wp\/v2\/media\/122"}],"wp:attachment":[{"href":"https:\/\/alexkunztaipei.com\/de\/wp-json\/wp\/v2\/media?parent=21"}],"curies":[{"name":"wp","href":"https:\/\/api.w.org\/{rel}","templated":true}]}}