{"id":26,"date":"2025-05-28T10:40:57","date_gmt":"2025-05-28T02:40:57","guid":{"rendered":"https:\/\/alexkunztaipei.com\/de\/?page_id=26"},"modified":"2025-07-06T12:46:59","modified_gmt":"2025-07-06T04:46:59","slug":"taiwan-blog-alex-kunz-taipei-deutsch","status":"publish","type":"page","link":"https:\/\/alexkunztaipei.com\/de\/","title":{"rendered":"Home"},"content":{"rendered":"\n<div class=\"wp-block-cover alignfull is-light\" style=\"margin-top:0;padding-top:6vw;padding-right:6vw;padding-bottom:6vw;padding-left:6vw\"><span aria-hidden=\"true\" class=\"wp-block-cover__background has-background-dim-100 has-background-dim\" style=\"background-color:#c6d6e3\"><\/span><div class=\"wp-block-cover__inner-container is-layout-constrained wp-container-core-cover-is-layout-520e5786 wp-block-cover-is-layout-constrained\">\n<div class=\"wp-block-group is-content-justification-center is-layout-flex wp-container-core-group-is-layout-82565499 wp-block-group-is-layout-flex\">\n<div class=\"wp-block-group alignwide wp-container-content-ceb7f5b3 is-content-justification-left is-layout-constrained wp-container-core-group-is-layout-852f5fc7 wp-block-group-is-layout-constrained\">\n<h2 class=\"wp-block-heading alignwide has-text-align-left has-contrast-color has-text-color\" style=\"font-size:clamp(50.171px, 3.136rem + ((1vw - 3.2px) * 5.662), 100px);font-style:normal;font-weight:500;line-height:0.9;text-transform:none\">Taiwan entdecken<\/h2>\n\n\n\n<div style=\"height:24px\" aria-hidden=\"true\" class=\"wp-block-spacer\"><\/div>\n\n\n\n<p class=\"has-text-align-left has-contrast-color has-text-color\"><strong>Willkommen auf dem Taiwan Blog von Alex Kunz!<\/strong><br>Taiwan ist mehr als Nachtm\u00e4rkte, Tempel und der Konflikt mit China.<br>Auf meinem Blog kannst du eine andere Seite dieses faszinierenden Landes entdecken \u2013 eine, die ich seit \u00fcber zehn Jahren beobachte und dokumentiere.<br>Ich schreibe \u00fcber den Alltag, gesellschaftliche Themen, pr\u00e4sentiere Karten und Daten aus Taiwan \u2013 auf Deutsch und Englisch.<br>Der <em>Taiwan Blog von Alex Kunz<\/em> richtet sich an alle, die Taiwan aus einer anderen Perspektive kennenlernen m\u00f6chten \u2013 jenseits touristischer Klischees.<br><a data-type=\"page\" data-id=\"19\" href=\"https:\/\/alexkunztaipei.com\/de\/ueber-mich\/\">Mehr \u00fcber mich erfahren<\/a> oder <a href=\"https:\/\/ko-fi.com\/alexkunztaipei\" target=\"_blank\" rel=\"noreferrer noopener\">unterst\u00fctze meine Arbeit auf Ko-fi<\/a>.<\/p>\n\n\n\n<div style=\"height:60px\" aria-hidden=\"true\" class=\"wp-block-spacer\"><\/div>\n\n\n\n<div class=\"wp-block-buttons is-content-justification-left is-nowrap is-layout-flex wp-container-core-buttons-is-layout-92e17da2 wp-block-buttons-is-layout-flex\">\n<div class=\"wp-block-button is-style-fill\"><a class=\"wp-block-button__link has-base-color has-contrast-background-color has-text-color has-background has-custom-font-size wp-element-button\" href=\"https:\/\/alexkunztaipei.com\/\" style=\"border-radius:0px;padding-top:24px;padding-right:48px;padding-bottom:24px;padding-left:48px;font-size:clamp(14px, 0.875rem + ((1vw - 3.2px) * 0.227), 16px);font-style:normal;font-weight:500;letter-spacing:0px;text-transform:uppercase\">Read in English<\/a><\/div>\n<\/div>\n<\/div>\n\n\n\n<div class=\"wp-block-group is-content-justification-right is-nowrap is-layout-flex wp-container-core-group-is-layout-59a2d94b wp-block-group-is-layout-flex\">\n<div class=\"wp-block-group wp-container-content-0733e5d0 is-layout-flow wp-block-group-is-layout-flow\">\n<div style=\"height:8vw\" aria-hidden=\"true\" class=\"wp-block-spacer\"><\/div>\n\n\n\n<figure class=\"wp-block-image size-full wp-container-content-0733e5d0 wp-duotone-rgb000-rgb198214227-1\"><img decoding=\"async\" width=\"453\" height=\"680\" src=\"https:\/\/alexkunztaipei.com\/de\/wp-content\/uploads\/2025\/07\/Alex-Kunz-Profile-Picture_sw.webp\" alt=\"\" class=\"wp-image-392\" srcset=\"https:\/\/alexkunztaipei.com\/de\/wp-content\/uploads\/2025\/07\/Alex-Kunz-Profile-Picture_sw.webp 453w, https:\/\/alexkunztaipei.com\/de\/wp-content\/uploads\/2025\/07\/Alex-Kunz-Profile-Picture_sw-200x300.webp 200w\" sizes=\"(max-width: 453px) 100vw, 453px\" \/><figcaption class=\"wp-element-caption\">Alexander Kunz \u2013 Autor dieses Blogs und seit \u00fcber zehn Jahren in Taiwan unterwegs.<\/figcaption><\/figure>\n<\/div>\n\n\n\n<figure class=\"wp-block-image size-full wp-container-content-0733e5d0 wp-duotone-rgb000-rgb198214227-2\"><img decoding=\"async\" width=\"453\" height=\"680\" src=\"https:\/\/alexkunztaipei.com\/de\/wp-content\/uploads\/2025\/07\/landing-page-image-street-scene_sw.webp\" alt=\"\" class=\"wp-image-394\" srcset=\"https:\/\/alexkunztaipei.com\/de\/wp-content\/uploads\/2025\/07\/landing-page-image-street-scene_sw.webp 453w, https:\/\/alexkunztaipei.com\/de\/wp-content\/uploads\/2025\/07\/landing-page-image-street-scene_sw-200x300.webp 200w\" sizes=\"(max-width: 453px) 100vw, 453px\" \/><\/figure>\n<\/div>\n<\/div>\n<\/div><\/div>\n\n\n\n<div class=\"wp-block-cover alignfull is-light wp-duotone-094850-rgb159183191-3\" style=\"margin-top:0;padding-top:48px;padding-right:48px;padding-bottom:48px;padding-left:48px;min-height:66vh;aspect-ratio:unset;\"><img decoding=\"async\" width=\"1024\" height=\"787\" class=\"wp-block-cover__image-background wp-image-395 size-full\" alt=\"\" src=\"https:\/\/alexkunztaipei.com\/de\/wp-content\/uploads\/2025\/07\/landing-page-image-pingtung_sw.webp\" style=\"object-position:50% 90%\" data-object-fit=\"cover\" data-object-position=\"50% 90%\" srcset=\"https:\/\/alexkunztaipei.com\/de\/wp-content\/uploads\/2025\/07\/landing-page-image-pingtung_sw.webp 1024w, https:\/\/alexkunztaipei.com\/de\/wp-content\/uploads\/2025\/07\/landing-page-image-pingtung_sw-300x231.webp 300w, https:\/\/alexkunztaipei.com\/de\/wp-content\/uploads\/2025\/07\/landing-page-image-pingtung_sw-768x590.webp 768w\" sizes=\"(max-width: 1024px) 100vw, 1024px\" \/><span aria-hidden=\"true\" class=\"wp-block-cover__background has-background-dim-30 has-background-dim\" style=\"background-color:#a8a8a8\"><\/span><div class=\"wp-block-cover__inner-container is-layout-flow wp-block-cover-is-layout-flow\">\n<div class=\"wp-block-group is-content-justification-left is-layout-constrained wp-container-core-group-is-layout-0b562c1c wp-block-group-is-layout-constrained\">\n<h2 class=\"wp-block-heading has-text-align-left has-white-color has-text-color\" style=\"font-size:clamp(50.171px, 3.136rem + ((1vw - 3.2px) * 5.662), 100px);font-style:normal;font-weight:700;letter-spacing:0px;line-height:1;text-transform:uppercase\">blog lesen<\/h2>\n<\/div>\n\n\n\n<div style=\"height:72px\" aria-hidden=\"true\" class=\"wp-block-spacer\"><\/div>\n\n\n\n<div class=\"wp-block-buttons is-content-justification-left is-nowrap is-layout-flex wp-container-core-buttons-is-layout-92e17da2 wp-block-buttons-is-layout-flex\">\n<div class=\"wp-block-button is-style-fill\"><a class=\"wp-block-button__link has-white-color has-text-color has-custom-font-size wp-element-button\" href=\"https:\/\/alexkunztaipei.com\/de\/blog\/\" style=\"padding-top:24px;padding-right:48px;padding-bottom:24px;padding-left:48px;font-size:clamp(14px, 0.875rem + ((1vw - 3.2px) * 0.227), 16px);font-style:normal;font-weight:600;letter-spacing:0px;text-transform:uppercase\">Lesen<\/a><\/div>\n<\/div>\n<\/div><\/div>\n\n\n\n<div class=\"wp-block-cover alignfull wp-duotone-094850-rgb170199160-4\" style=\"margin-top:0;padding-top:48px;padding-right:48px;padding-bottom:48px;padding-left:48px;min-height:66vh;aspect-ratio:unset;\"><img decoding=\"async\" width=\"1024\" height=\"637\" class=\"wp-block-cover__image-background wp-image-396 size-large\" alt=\"\" src=\"https:\/\/alexkunztaipei.com\/de\/wp-content\/uploads\/2025\/07\/landing-page-image-MRT_sw-1024x637.webp\" data-object-fit=\"cover\" srcset=\"https:\/\/alexkunztaipei.com\/de\/wp-content\/uploads\/2025\/07\/landing-page-image-MRT_sw-1024x637.webp 1024w, https:\/\/alexkunztaipei.com\/de\/wp-content\/uploads\/2025\/07\/landing-page-image-MRT_sw-300x187.webp 300w, https:\/\/alexkunztaipei.com\/de\/wp-content\/uploads\/2025\/07\/landing-page-image-MRT_sw-768x478.webp 768w, https:\/\/alexkunztaipei.com\/de\/wp-content\/uploads\/2025\/07\/landing-page-image-MRT_sw.webp 1080w\" sizes=\"(max-width: 1024px) 100vw, 1024px\" \/><span aria-hidden=\"true\" class=\"wp-block-cover__background has-background-dim-30 has-background-dim\" style=\"background-color:#696969\"><\/span><div class=\"wp-block-cover__inner-container is-layout-flow wp-block-cover-is-layout-flow\">\n<div class=\"wp-block-group is-content-justification-left is-layout-constrained wp-container-core-group-is-layout-0b562c1c wp-block-group-is-layout-constrained\">\n<h2 class=\"wp-block-heading has-text-align-left has-white-color has-text-color\" style=\"font-size:clamp(50.171px, 3.136rem + ((1vw - 3.2px) * 5.662), 100px);font-style:normal;font-weight:700;letter-spacing:0px;line-height:1;text-transform:uppercase\">blog nach themen erkunden<\/h2>\n<\/div>\n\n\n\n<div style=\"height:72px\" aria-hidden=\"true\" class=\"wp-block-spacer\"><\/div>\n\n\n\n<div class=\"wp-block-buttons is-content-justification-left is-nowrap is-layout-flex wp-container-core-buttons-is-layout-92e17da2 wp-block-buttons-is-layout-flex\">\n<div class=\"wp-block-button is-style-fill\"><a class=\"wp-block-button__link has-white-color has-text-color has-custom-font-size wp-element-button\" href=\"https:\/\/alexkunztaipei.com\/de\/blog-nach-themen-erkunden\/\" style=\"padding-top:24px;padding-right:48px;padding-bottom:24px;padding-left:48px;font-size:clamp(14px, 0.875rem + ((1vw - 3.2px) * 0.227), 16px);font-style:normal;font-weight:600;letter-spacing:0px;text-transform:uppercase\">Erkunden<\/a><\/div>\n<\/div>\n<\/div><\/div>\n\n\n\n<div class=\"wp-block-cover alignfull is-light wp-duotone-094850-rgb240195142-5\" style=\"margin-top:0;padding-top:48px;padding-right:48px;padding-bottom:48px;padding-left:48px;min-height:66vh;aspect-ratio:unset;\"><img decoding=\"async\" width=\"1024\" height=\"1024\" class=\"wp-block-cover__image-background wp-image-397 size-large\" alt=\"\" src=\"https:\/\/alexkunztaipei.com\/de\/wp-content\/uploads\/2025\/07\/foreign-residents-by-county_sw-1024x1024.webp\" data-object-fit=\"cover\" srcset=\"https:\/\/alexkunztaipei.com\/de\/wp-content\/uploads\/2025\/07\/foreign-residents-by-county_sw-1024x1024.webp 1024w, https:\/\/alexkunztaipei.com\/de\/wp-content\/uploads\/2025\/07\/foreign-residents-by-county_sw-300x300.webp 300w, https:\/\/alexkunztaipei.com\/de\/wp-content\/uploads\/2025\/07\/foreign-residents-by-county_sw-150x150.webp 150w, https:\/\/alexkunztaipei.com\/de\/wp-content\/uploads\/2025\/07\/foreign-residents-by-county_sw-768x768.webp 768w, https:\/\/alexkunztaipei.com\/de\/wp-content\/uploads\/2025\/07\/foreign-residents-by-county_sw.webp 1080w\" sizes=\"(max-width: 1024px) 100vw, 1024px\" \/><span aria-hidden=\"true\" class=\"wp-block-cover__background has-background-dim-30 has-background-dim\" style=\"background-color:#d7d7d7\"><\/span><div class=\"wp-block-cover__inner-container is-layout-flow wp-block-cover-is-layout-flow\">\n<div class=\"wp-block-group is-content-justification-left is-layout-constrained wp-container-core-group-is-layout-0b562c1c wp-block-group-is-layout-constrained\">\n<h2 class=\"wp-block-heading has-text-align-left has-white-color has-text-color\" style=\"font-size:clamp(50.171px, 3.136rem + ((1vw - 3.2px) * 5.662), 100px);font-style:normal;font-weight:700;letter-spacing:0px;line-height:1;text-transform:uppercase\">Taiwan in zahlen und karten<\/h2>\n<\/div>\n\n\n\n<div style=\"height:72px\" aria-hidden=\"true\" class=\"wp-block-spacer\"><\/div>\n\n\n\n<div class=\"wp-block-buttons is-content-justification-left is-nowrap is-layout-flex wp-container-core-buttons-is-layout-92e17da2 wp-block-buttons-is-layout-flex\">\n<div class=\"wp-block-button is-style-fill\"><a class=\"wp-block-button__link has-white-color has-text-color has-custom-font-size wp-element-button\" href=\"https:\/\/alexkunztaipei.com\/de\/category\/statistiken-daten\/\" style=\"padding-top:24px;padding-right:48px;padding-bottom:24px;padding-left:48px;font-size:clamp(14px, 0.875rem + ((1vw - 3.2px) * 0.227), 16px);font-style:normal;font-weight:600;letter-spacing:0px;text-transform:uppercase\">Entdecken<\/a><\/div>\n<\/div>\n<\/div><\/div>\n\n\n\n<div class=\"wp-block-group alignfull has-white-color has-white-background-color has-text-color has-background is-layout-flow wp-block-group-is-layout-flow\">\n<div style=\"height:64px\" aria-hidden=\"true\" class=\"wp-block-spacer\"><\/div>\n\n\n\n<p class=\"has-text-align-center has-white-color has-text-color has-link-color has-small-font-size wp-elements-1f6401d8d1f98c9bde6958da151920ed\" style=\"line-height:.9\"><strong>BLEIB IN KONTAKT<\/strong><\/p>\n\n\n\n<h2 class=\"wp-block-heading has-text-align-center\" id=\"schedule-a-visit\" style=\"font-size:clamp(32.969px, 2.061rem + ((1vw - 3.2px) * 2.958), 59px);px;line-height:1.15\"><strong>Noch Fragen oder Feedback?<\/strong><\/h2>\n\n\n\n<div class=\"wp-block-buttons is-horizontal is-content-justification-center is-layout-flex wp-container-core-buttons-is-layout-03627597 wp-block-buttons-is-layout-flex\">\n<div class=\"wp-block-button has-custom-width wp-block-button__width-50\"><a class=\"wp-block-button__link has-text-color has-background has-text-align-left wp-element-button\" href=\"https:\/\/alexkunztaipei.com\/de\/kontakt\/\" style=\"border-radius:50px;color:#ffffff;background-color:#000000\">Kontakt aufnehmen<\/a><\/div>\n<\/div>\n\n\n\n<div style=\"height:64px\" aria-hidden=\"true\" class=\"wp-block-spacer\"><\/div>\n<\/div>\n\n\n\n<p><\/p>\n","protected":false},"excerpt":{"rendered":"<p>BLEIB IN KONTAKT Noch Fragen oder Feedback?<\/p>\n","protected":false},"author":1,"featured_media":122,"parent":0,"menu_order":1,"comment_status":"closed","ping_status":"closed","template":"","meta":{"site-container-style":"default","site-container-layout":"default","site-sidebar-layout":"default","disable-article-header":"default","disable-site-header":"default","disable-site-footer":"default","disable-content-area-spacing":"default","footnotes":""},"class_list":["post-26","page","type-page","status-publish","has-post-thumbnail","hentry"],"yoast_head":"<!-- This site is optimized with the Yoast SEO plugin v26.6 - https:\/\/yoast.com\/wordpress\/plugins\/seo\/ -->\n<title>Taiwan Blog Alex Kunz \u2013 Geschichten, Karten &amp; Daten aus Taiwan<\/title>\n<meta name=\"description\" content=\"Der Taiwan Blog von Alex Kunz zeigt Taiwans Alltag und Gesellschaft jenseits der Klischees \u2013 mit Karten, Daten und pers\u00f6nlichen Erlebnissen.\" \/>\n<meta name=\"robots\" content=\"index, follow, max-snippet:-1, max-image-preview:large, max-video-preview:-1\" \/>\n<link rel=\"canonical\" href=\"https:\/\/alexkunztaipei.com\/de\/\" \/>\n<meta property=\"og:locale\" content=\"de_DE\" \/>\n<meta property=\"og:type\" content=\"article\" \/>\n<meta property=\"og:title\" content=\"Alex Kunz Taipei auf Deutsch\" \/>\n<meta property=\"og:description\" content=\"Der Taiwan Blog von Alex Kunz zeigt Taiwans Alltag und Gesellschaft jenseits der Klischees \u2013 mit Karten, Daten und pers\u00f6nlichen Erlebnissen.\" \/>\n<meta property=\"og:url\" content=\"https:\/\/alexkunztaipei.com\/de\/\" \/>\n<meta property=\"og:site_name\" content=\"Alex Kunz Taipei auf Deutsch\" \/>\n<meta property=\"article:publisher\" content=\"https:\/\/www.facebook.com\/alexkunztaipei\/\" \/>\n<meta property=\"article:modified_time\" content=\"2025-07-06T04:46:59+00:00\" \/>\n<meta property=\"og:image\" content=\"https:\/\/alexkunztaipei.com\/de\/wp-content\/uploads\/2025\/06\/website-image.jpg\" \/>\n\t<meta property=\"og:image:width\" content=\"1200\" \/>\n\t<meta property=\"og:image:height\" content=\"675\" \/>\n\t<meta property=\"og:image:type\" content=\"image\/jpeg\" \/>\n<meta name=\"twitter:card\" content=\"summary_large_image\" \/>\n<meta name=\"twitter:label1\" content=\"Gesch\u00e4tzte Lesezeit\" \/>\n\t<meta name=\"twitter:data1\" content=\"2\u00a0Minuten\" \/>\n<script type=\"application\/ld+json\" class=\"yoast-schema-graph\">{\"@context\":\"https:\/\/schema.org\",\"@graph\":[{\"@type\":\"WebPage\",\"@id\":\"https:\/\/alexkunztaipei.com\/de\/\",\"url\":\"https:\/\/alexkunztaipei.com\/de\/\",\"name\":\"Taiwan Blog Alex Kunz \u2013 Geschichten, Karten & Daten aus Taiwan\",\"isPartOf\":{\"@id\":\"https:\/\/alexkunztaipei.com\/de\/#website\"},\"primaryImageOfPage\":{\"@id\":\"https:\/\/alexkunztaipei.com\/de\/#primaryimage\"},\"image\":{\"@id\":\"https:\/\/alexkunztaipei.com\/de\/#primaryimage\"},\"thumbnailUrl\":\"https:\/\/alexkunztaipei.com\/de\/wp-content\/uploads\/2025\/06\/website-image.jpg\",\"datePublished\":\"2025-05-28T02:40:57+00:00\",\"dateModified\":\"2025-07-06T04:46:59+00:00\",\"description\":\"Der Taiwan Blog von Alex Kunz zeigt Taiwans Alltag und Gesellschaft jenseits der Klischees \u2013 mit Karten, Daten und pers\u00f6nlichen Erlebnissen.\",\"breadcrumb\":{\"@id\":\"https:\/\/alexkunztaipei.com\/de\/#breadcrumb\"},\"inLanguage\":\"de\",\"potentialAction\":[{\"@type\":\"ReadAction\",\"target\":[\"https:\/\/alexkunztaipei.com\/de\/\"]}]},{\"@type\":\"ImageObject\",\"inLanguage\":\"de\",\"@id\":\"https:\/\/alexkunztaipei.com\/de\/#primaryimage\",\"url\":\"https:\/\/alexkunztaipei.com\/de\/wp-content\/uploads\/2025\/06\/website-image.jpg\",\"contentUrl\":\"https:\/\/alexkunztaipei.com\/de\/wp-content\/uploads\/2025\/06\/website-image.jpg\",\"width\":1200,\"height\":675,\"caption\":\"fallback image for website\"},{\"@type\":\"BreadcrumbList\",\"@id\":\"https:\/\/alexkunztaipei.com\/de\/#breadcrumb\",\"itemListElement\":[{\"@type\":\"ListItem\",\"position\":1,\"name\":\"Startseite\",\"item\":\"https:\/\/alexkunztaipei.com\/de\/\"},{\"@type\":\"ListItem\",\"position\":2,\"name\":\"Home\"}]},{\"@type\":\"WebSite\",\"@id\":\"https:\/\/alexkunztaipei.com\/de\/#website\",\"url\":\"https:\/\/alexkunztaipei.com\/de\/\",\"name\":\"Alex Kunz Taipei auf Deutsch\",\"description\":\"Taiwan entdecken \u2013 mit Geschichten, Zahlen und Bildern\",\"publisher\":{\"@id\":\"https:\/\/alexkunztaipei.com\/de\/#\/schema\/person\/94fe6c3262c27dc420b69671af794176\"},\"alternateName\":\"AK Taipei\",\"potentialAction\":[{\"@type\":\"SearchAction\",\"target\":{\"@type\":\"EntryPoint\",\"urlTemplate\":\"https:\/\/alexkunztaipei.com\/de\/?s={search_term_string}\"},\"query-input\":{\"@type\":\"PropertyValueSpecification\",\"valueRequired\":true,\"valueName\":\"search_term_string\"}}],\"inLanguage\":\"de\"},{\"@type\":[\"Person\",\"Organization\"],\"@id\":\"https:\/\/alexkunztaipei.com\/de\/#\/schema\/person\/94fe6c3262c27dc420b69671af794176\",\"name\":\"Alex Kunz\",\"image\":{\"@type\":\"ImageObject\",\"inLanguage\":\"de\",\"@id\":\"https:\/\/alexkunztaipei.com\/de\/#\/schema\/person\/image\/\",\"url\":\"https:\/\/alexkunztaipei.com\/de\/wp-content\/uploads\/2025\/05\/Alex-Kunz-Profile-Picture.jpg\",\"contentUrl\":\"https:\/\/alexkunztaipei.com\/de\/wp-content\/uploads\/2025\/05\/Alex-Kunz-Profile-Picture.jpg\",\"width\":533,\"height\":800,\"caption\":\"Alex Kunz\"},\"logo\":{\"@id\":\"https:\/\/alexkunztaipei.com\/de\/#\/schema\/person\/image\/\"},\"description\":\"Alexander Kunz ist Blogger, Forscher und Hobbyfotograf mit Wohnsitz in Taiwan. Seit \u00fcber zehn Jahren dokumentiert er kulturelle, gesellschaftliche und geografische Aspekte des Landes. Auf seinem Blog teilt er pers\u00f6nliche Einblicke, Karten und Datenvisualisierungen. Seine Beitr\u00e4ge richten sich an alle, die Taiwan abseits der Schlagzeilen kennenlernen m\u00f6chten.\",\"sameAs\":[\"https:\/\/alexkunztaipei.com\/de\",\"https:\/\/www.facebook.com\/alexkunztaipei\/\",\"https:\/\/www.instagram.com\/taiwan_maps_and_dataviz\/\",\"https:\/\/www.linkedin.com\/in\/alexander-kunz-in-taiwan\/\"]}]}<\/script>\n<!-- \/ Yoast SEO plugin. -->","yoast_head_json":{"title":"Taiwan Blog Alex Kunz \u2013 Geschichten, Karten & Daten aus Taiwan","description":"Der Taiwan Blog von Alex Kunz zeigt Taiwans Alltag und Gesellschaft jenseits der Klischees \u2013 mit Karten, Daten und pers\u00f6nlichen Erlebnissen.","robots":{"index":"index","follow":"follow","max-snippet":"max-snippet:-1","max-image-preview":"max-image-preview:large","max-video-preview":"max-video-preview:-1"},"canonical":"https:\/\/alexkunztaipei.com\/de\/","og_locale":"de_DE","og_type":"article","og_title":"Alex Kunz Taipei auf Deutsch","og_description":"Der Taiwan Blog von Alex Kunz zeigt Taiwans Alltag und Gesellschaft jenseits der Klischees \u2013 mit Karten, Daten und pers\u00f6nlichen Erlebnissen.","og_url":"https:\/\/alexkunztaipei.com\/de\/","og_site_name":"Alex Kunz Taipei auf Deutsch","article_publisher":"https:\/\/www.facebook.com\/alexkunztaipei\/","article_modified_time":"2025-07-06T04:46:59+00:00","og_image":[{"width":1200,"height":675,"url":"https:\/\/alexkunztaipei.com\/de\/wp-content\/uploads\/2025\/06\/website-image.jpg","type":"image\/jpeg"}],"twitter_card":"summary_large_image","twitter_misc":{"Gesch\u00e4tzte Lesezeit":"2\u00a0Minuten"},"schema":{"@context":"https:\/\/schema.org","@graph":[{"@type":"WebPage","@id":"https:\/\/alexkunztaipei.com\/de\/","url":"https:\/\/alexkunztaipei.com\/de\/","name":"Taiwan Blog Alex Kunz \u2013 Geschichten, Karten & Daten aus Taiwan","isPartOf":{"@id":"https:\/\/alexkunztaipei.com\/de\/#website"},"primaryImageOfPage":{"@id":"https:\/\/alexkunztaipei.com\/de\/#primaryimage"},"image":{"@id":"https:\/\/alexkunztaipei.com\/de\/#primaryimage"},"thumbnailUrl":"https:\/\/alexkunztaipei.com\/de\/wp-content\/uploads\/2025\/06\/website-image.jpg","datePublished":"2025-05-28T02:40:57+00:00","dateModified":"2025-07-06T04:46:59+00:00","description":"Der Taiwan Blog von Alex Kunz zeigt Taiwans Alltag und Gesellschaft jenseits der Klischees \u2013 mit Karten, Daten und pers\u00f6nlichen Erlebnissen.","breadcrumb":{"@id":"https:\/\/alexkunztaipei.com\/de\/#breadcrumb"},"inLanguage":"de","potentialAction":[{"@type":"ReadAction","target":["https:\/\/alexkunztaipei.com\/de\/"]}]},{"@type":"ImageObject","inLanguage":"de","@id":"https:\/\/alexkunztaipei.com\/de\/#primaryimage","url":"https:\/\/alexkunztaipei.com\/de\/wp-content\/uploads\/2025\/06\/website-image.jpg","contentUrl":"https:\/\/alexkunztaipei.com\/de\/wp-content\/uploads\/2025\/06\/website-image.jpg","width":1200,"height":675,"caption":"fallback image for website"},{"@type":"BreadcrumbList","@id":"https:\/\/alexkunztaipei.com\/de\/#breadcrumb","itemListElement":[{"@type":"ListItem","position":1,"name":"Startseite","item":"https:\/\/alexkunztaipei.com\/de\/"},{"@type":"ListItem","position":2,"name":"Home"}]},{"@type":"WebSite","@id":"https:\/\/alexkunztaipei.com\/de\/#website","url":"https:\/\/alexkunztaipei.com\/de\/","name":"Alex Kunz Taipei auf Deutsch","description":"Taiwan entdecken \u2013 mit Geschichten, Zahlen und Bildern","publisher":{"@id":"https:\/\/alexkunztaipei.com\/de\/#\/schema\/person\/94fe6c3262c27dc420b69671af794176"},"alternateName":"AK Taipei","potentialAction":[{"@type":"SearchAction","target":{"@type":"EntryPoint","urlTemplate":"https:\/\/alexkunztaipei.com\/de\/?s={search_term_string}"},"query-input":{"@type":"PropertyValueSpecification","valueRequired":true,"valueName":"search_term_string"}}],"inLanguage":"de"},{"@type":["Person","Organization"],"@id":"https:\/\/alexkunztaipei.com\/de\/#\/schema\/person\/94fe6c3262c27dc420b69671af794176","name":"Alex Kunz","image":{"@type":"ImageObject","inLanguage":"de","@id":"https:\/\/alexkunztaipei.com\/de\/#\/schema\/person\/image\/","url":"https:\/\/alexkunztaipei.com\/de\/wp-content\/uploads\/2025\/05\/Alex-Kunz-Profile-Picture.jpg","contentUrl":"https:\/\/alexkunztaipei.com\/de\/wp-content\/uploads\/2025\/05\/Alex-Kunz-Profile-Picture.jpg","width":533,"height":800,"caption":"Alex Kunz"},"logo":{"@id":"https:\/\/alexkunztaipei.com\/de\/#\/schema\/person\/image\/"},"description":"Alexander Kunz ist Blogger, Forscher und Hobbyfotograf mit Wohnsitz in Taiwan. Seit \u00fcber zehn Jahren dokumentiert er kulturelle, gesellschaftliche und geografische Aspekte des Landes. Auf seinem Blog teilt er pers\u00f6nliche Einblicke, Karten und Datenvisualisierungen. Seine Beitr\u00e4ge richten sich an alle, die Taiwan abseits der Schlagzeilen kennenlernen m\u00f6chten.","sameAs":["https:\/\/alexkunztaipei.com\/de","https:\/\/www.facebook.com\/alexkunztaipei\/","https:\/\/www.instagram.com\/taiwan_maps_and_dataviz\/","https:\/\/www.linkedin.com\/in\/alexander-kunz-in-taiwan\/"]}]}},"_links":{"self":[{"href":"https:\/\/alexkunztaipei.com\/de\/wp-json\/wp\/v2\/pages\/26","targetHints":{"allow":["GET"]}}],"collection":[{"href":"https:\/\/alexkunztaipei.com\/de\/wp-json\/wp\/v2\/pages"}],"about":[{"href":"https:\/\/alexkunztaipei.com\/de\/wp-json\/wp\/v2\/types\/page"}],"author":[{"embeddable":true,"href":"https:\/\/alexkunztaipei.com\/de\/wp-json\/wp\/v2\/users\/1"}],"replies":[{"embeddable":true,"href":"https:\/\/alexkunztaipei.com\/de\/wp-json\/wp\/v2\/comments?post=26"}],"version-history":[{"count":27,"href":"https:\/\/alexkunztaipei.com\/de\/wp-json\/wp\/v2\/pages\/26\/revisions"}],"predecessor-version":[{"id":401,"href":"https:\/\/alexkunztaipei.com\/de\/wp-json\/wp\/v2\/pages\/26\/revisions\/401"}],"wp:featuredmedia":[{"embeddable":true,"href":"https:\/\/alexkunztaipei.com\/de\/wp-json\/wp\/v2\/media\/122"}],"wp:attachment":[{"href":"https:\/\/alexkunztaipei.com\/de\/wp-json\/wp\/v2\/media?parent=26"}],"curies":[{"name":"wp","href":"https:\/\/api.w.org\/{rel}","templated":true}]}}