{"id":358,"date":"2025-06-19T22:59:54","date_gmt":"2025-06-19T14:59:54","guid":{"rendered":"https:\/\/alexkunztaipei.com\/de\/?page_id=358"},"modified":"2025-06-21T21:13:59","modified_gmt":"2025-06-21T13:13:59","slug":"blog-nach-themen-erkunden","status":"publish","type":"page","link":"https:\/\/alexkunztaipei.com\/de\/blog-nach-themen-erkunden\/","title":{"rendered":"Blog nach Themen erkunden"},"content":{"rendered":"\n<div class=\"wp-block-columns is-layout-flex wp-container-core-columns-is-layout-28f84493 wp-block-columns-is-layout-flex\">\n<div class=\"wp-block-column is-layout-flow wp-block-column-is-layout-flow\" style=\"flex-basis:25%\"><\/div>\n\n\n\n<div class=\"wp-block-column is-layout-flow wp-block-column-is-layout-flow\" style=\"flex-basis:50%\">\n<h1 class=\"wp-block-heading\">Blog nach Themen erkunden<\/h1>\n\n\n<ul style=\"border-radius:0px;border-style:none;border-width:0px; margin-right:0;margin-left:0;margin-top:0;margin-bottom:0;\" class=\"wp-block-categories-list wp-elements-bfbaf1e0abbf8f16656acc21aab12eee wp-block-categories\">\t<li class=\"cat-item cat-item-13\"><a href=\"https:\/\/alexkunztaipei.com\/de\/category\/deutsch-in-taiwan\/\">Deutsch in Taiwan<\/a> (1)\n<\/li>\n\t<li class=\"cat-item cat-item-7\"><a href=\"https:\/\/alexkunztaipei.com\/de\/category\/geschichte-in-taiwan\/\">Geschichte in Taiwan<\/a> (9)\n<\/li>\n\t<li class=\"cat-item cat-item-11\"><a href=\"https:\/\/alexkunztaipei.com\/de\/category\/leben-in-taiwan\/\">Leben in Taiwan<\/a> (1)\n<\/li>\n\t<li class=\"cat-item cat-item-14\"><a href=\"https:\/\/alexkunztaipei.com\/de\/category\/orte-in-taiwan\/\">Orte in Taiwan<\/a> (9)\n<ul class='children'>\n\t<li class=\"cat-item cat-item-8\"><a href=\"https:\/\/alexkunztaipei.com\/de\/category\/orte-in-taiwan\/changhua-taiwan\/\">Changhua<\/a> (1)\n<\/li>\n\t<li class=\"cat-item cat-item-9\"><a href=\"https:\/\/alexkunztaipei.com\/de\/category\/orte-in-taiwan\/keelung-taiwan\/\">Keelung<\/a> (7)\n<\/li>\n\t<li class=\"cat-item cat-item-5\"><a href=\"https:\/\/alexkunztaipei.com\/de\/category\/orte-in-taiwan\/taipei-taiwan\/\">Taipei<\/a> (1)\n<\/li>\n<\/ul>\n<\/li>\n\t<li class=\"cat-item cat-item-12\"><a href=\"https:\/\/alexkunztaipei.com\/de\/category\/statistiken-daten\/\">Statistiken &amp; Daten<\/a> (1)\n<\/li>\n\t<li class=\"cat-item cat-item-6\"><a href=\"https:\/\/alexkunztaipei.com\/de\/category\/taiwans-sehenswuerdigkeiten\/\">Taiwans Sehensw\u00fcrdigkeiten<\/a> (9)\n<\/li>\n\t<li class=\"cat-item cat-item-10\"><a href=\"https:\/\/alexkunztaipei.com\/de\/category\/wandern-reisen\/\">Wandern &amp; Reisen<\/a> (3)\n<\/li>\n<\/ul><\/div>\n\n\n\n<div class=\"wp-block-column is-layout-flow wp-block-column-is-layout-flow\" style=\"flex-basis:25%\"><\/div>\n<\/div>\n\n\n\n<p><\/p>\n","protected":false},"excerpt":{"rendered":"<p>Blog nach Themen erkunden<\/p>\n","protected":false},"author":1,"featured_media":0,"parent":0,"menu_order":2,"comment_status":"closed","ping_status":"closed","template":"","meta":{"site-container-style":"default","site-container-layout":"default","site-sidebar-layout":"default","disable-article-header":"default","disable-site-header":"default","disable-site-footer":"default","disable-content-area-spacing":"default","footnotes":""},"class_list":["post-358","page","type-page","status-publish","hentry"],"yoast_head":"<!-- This site is optimized with the Yoast SEO plugin v26.6 - https:\/\/yoast.com\/wordpress\/plugins\/seo\/ -->\n<title>Blog nach Themen erkunden - Alex Kunz Taipei auf Deutsch<\/title>\n<meta name=\"robots\" content=\"index, follow, max-snippet:-1, max-image-preview:large, max-video-preview:-1\" \/>\n<link rel=\"canonical\" href=\"https:\/\/alexkunztaipei.com\/de\/blog-nach-themen-erkunden\/\" \/>\n<meta property=\"og:locale\" content=\"de_DE\" \/>\n<meta property=\"og:type\" content=\"article\" \/>\n<meta property=\"og:title\" content=\"Blog nach Themen erkunden - Alex Kunz Taipei auf Deutsch\" \/>\n<meta property=\"og:description\" content=\"Blog nach Themen erkunden\" \/>\n<meta property=\"og:url\" content=\"https:\/\/alexkunztaipei.com\/de\/blog-nach-themen-erkunden\/\" \/>\n<meta property=\"og:site_name\" content=\"Alex Kunz Taipei auf Deutsch\" \/>\n<meta property=\"article:publisher\" content=\"https:\/\/www.facebook.com\/alexkunztaipei\/\" \/>\n<meta property=\"article:modified_time\" content=\"2025-06-21T13:13:59+00:00\" \/>\n<meta property=\"og:image\" content=\"https:\/\/alexkunztaipei.com\/de\/wp-content\/uploads\/2025\/06\/website-image.jpg\" \/>\n\t<meta property=\"og:image:width\" content=\"1200\" \/>\n\t<meta property=\"og:image:height\" content=\"675\" \/>\n\t<meta property=\"og:image:type\" content=\"image\/jpeg\" \/>\n<meta name=\"twitter:card\" content=\"summary_large_image\" \/>\n<meta name=\"twitter:label1\" content=\"Gesch\u00e4tzte Lesezeit\" \/>\n\t<meta name=\"twitter:data1\" content=\"1\u00a0Minute\" \/>\n<script type=\"application\/ld+json\" class=\"yoast-schema-graph\">{\"@context\":\"https:\/\/schema.org\",\"@graph\":[{\"@type\":\"WebPage\",\"@id\":\"https:\/\/alexkunztaipei.com\/de\/blog-nach-themen-erkunden\/\",\"url\":\"https:\/\/alexkunztaipei.com\/de\/blog-nach-themen-erkunden\/\",\"name\":\"Blog nach Themen erkunden - Alex Kunz Taipei auf Deutsch\",\"isPartOf\":{\"@id\":\"https:\/\/alexkunztaipei.com\/de\/#website\"},\"datePublished\":\"2025-06-19T14:59:54+00:00\",\"dateModified\":\"2025-06-21T13:13:59+00:00\",\"breadcrumb\":{\"@id\":\"https:\/\/alexkunztaipei.com\/de\/blog-nach-themen-erkunden\/#breadcrumb\"},\"inLanguage\":\"de\",\"potentialAction\":[{\"@type\":\"ReadAction\",\"target\":[\"https:\/\/alexkunztaipei.com\/de\/blog-nach-themen-erkunden\/\"]}]},{\"@type\":\"BreadcrumbList\",\"@id\":\"https:\/\/alexkunztaipei.com\/de\/blog-nach-themen-erkunden\/#breadcrumb\",\"itemListElement\":[{\"@type\":\"ListItem\",\"position\":1,\"name\":\"Startseite\",\"item\":\"https:\/\/alexkunztaipei.com\/de\/\"},{\"@type\":\"ListItem\",\"position\":2,\"name\":\"Blog nach Themen erkunden\"}]},{\"@type\":\"WebSite\",\"@id\":\"https:\/\/alexkunztaipei.com\/de\/#website\",\"url\":\"https:\/\/alexkunztaipei.com\/de\/\",\"name\":\"Alex Kunz Taipei auf Deutsch\",\"description\":\"Taiwan entdecken \u2013 mit Geschichten, Zahlen und Bildern\",\"publisher\":{\"@id\":\"https:\/\/alexkunztaipei.com\/de\/#\/schema\/person\/94fe6c3262c27dc420b69671af794176\"},\"alternateName\":\"AK Taipei\",\"potentialAction\":[{\"@type\":\"SearchAction\",\"target\":{\"@type\":\"EntryPoint\",\"urlTemplate\":\"https:\/\/alexkunztaipei.com\/de\/?s={search_term_string}\"},\"query-input\":{\"@type\":\"PropertyValueSpecification\",\"valueRequired\":true,\"valueName\":\"search_term_string\"}}],\"inLanguage\":\"de\"},{\"@type\":[\"Person\",\"Organization\"],\"@id\":\"https:\/\/alexkunztaipei.com\/de\/#\/schema\/person\/94fe6c3262c27dc420b69671af794176\",\"name\":\"Alex Kunz\",\"image\":{\"@type\":\"ImageObject\",\"inLanguage\":\"de\",\"@id\":\"https:\/\/alexkunztaipei.com\/de\/#\/schema\/person\/image\/\",\"url\":\"https:\/\/alexkunztaipei.com\/de\/wp-content\/uploads\/2025\/05\/Alex-Kunz-Profile-Picture.jpg\",\"contentUrl\":\"https:\/\/alexkunztaipei.com\/de\/wp-content\/uploads\/2025\/05\/Alex-Kunz-Profile-Picture.jpg\",\"width\":533,\"height\":800,\"caption\":\"Alex Kunz\"},\"logo\":{\"@id\":\"https:\/\/alexkunztaipei.com\/de\/#\/schema\/person\/image\/\"},\"description\":\"Alexander Kunz ist Blogger, Forscher und Hobbyfotograf mit Wohnsitz in Taiwan. Seit \u00fcber zehn Jahren dokumentiert er kulturelle, gesellschaftliche und geografische Aspekte des Landes. Auf seinem Blog teilt er pers\u00f6nliche Einblicke, Karten und Datenvisualisierungen. Seine Beitr\u00e4ge richten sich an alle, die Taiwan abseits der Schlagzeilen kennenlernen m\u00f6chten.\",\"sameAs\":[\"https:\/\/alexkunztaipei.com\/de\",\"https:\/\/www.facebook.com\/alexkunztaipei\/\",\"https:\/\/www.instagram.com\/taiwan_maps_and_dataviz\/\",\"https:\/\/www.linkedin.com\/in\/alexander-kunz-in-taiwan\/\"]}]}<\/script>\n<!-- \/ Yoast SEO plugin. -->","yoast_head_json":{"title":"Blog nach Themen erkunden - Alex Kunz Taipei auf Deutsch","robots":{"index":"index","follow":"follow","max-snippet":"max-snippet:-1","max-image-preview":"max-image-preview:large","max-video-preview":"max-video-preview:-1"},"canonical":"https:\/\/alexkunztaipei.com\/de\/blog-nach-themen-erkunden\/","og_locale":"de_DE","og_type":"article","og_title":"Blog nach Themen erkunden - Alex Kunz Taipei auf Deutsch","og_description":"Blog nach Themen erkunden","og_url":"https:\/\/alexkunztaipei.com\/de\/blog-nach-themen-erkunden\/","og_site_name":"Alex Kunz Taipei auf Deutsch","article_publisher":"https:\/\/www.facebook.com\/alexkunztaipei\/","article_modified_time":"2025-06-21T13:13:59+00:00","og_image":[{"width":1200,"height":675,"url":"https:\/\/alexkunztaipei.com\/de\/wp-content\/uploads\/2025\/06\/website-image.jpg","type":"image\/jpeg"}],"twitter_card":"summary_large_image","twitter_misc":{"Gesch\u00e4tzte Lesezeit":"1\u00a0Minute"},"schema":{"@context":"https:\/\/schema.org","@graph":[{"@type":"WebPage","@id":"https:\/\/alexkunztaipei.com\/de\/blog-nach-themen-erkunden\/","url":"https:\/\/alexkunztaipei.com\/de\/blog-nach-themen-erkunden\/","name":"Blog nach Themen erkunden - Alex Kunz Taipei auf Deutsch","isPartOf":{"@id":"https:\/\/alexkunztaipei.com\/de\/#website"},"datePublished":"2025-06-19T14:59:54+00:00","dateModified":"2025-06-21T13:13:59+00:00","breadcrumb":{"@id":"https:\/\/alexkunztaipei.com\/de\/blog-nach-themen-erkunden\/#breadcrumb"},"inLanguage":"de","potentialAction":[{"@type":"ReadAction","target":["https:\/\/alexkunztaipei.com\/de\/blog-nach-themen-erkunden\/"]}]},{"@type":"BreadcrumbList","@id":"https:\/\/alexkunztaipei.com\/de\/blog-nach-themen-erkunden\/#breadcrumb","itemListElement":[{"@type":"ListItem","position":1,"name":"Startseite","item":"https:\/\/alexkunztaipei.com\/de\/"},{"@type":"ListItem","position":2,"name":"Blog nach Themen erkunden"}]},{"@type":"WebSite","@id":"https:\/\/alexkunztaipei.com\/de\/#website","url":"https:\/\/alexkunztaipei.com\/de\/","name":"Alex Kunz Taipei auf Deutsch","description":"Taiwan entdecken \u2013 mit Geschichten, Zahlen und Bildern","publisher":{"@id":"https:\/\/alexkunztaipei.com\/de\/#\/schema\/person\/94fe6c3262c27dc420b69671af794176"},"alternateName":"AK Taipei","potentialAction":[{"@type":"SearchAction","target":{"@type":"EntryPoint","urlTemplate":"https:\/\/alexkunztaipei.com\/de\/?s={search_term_string}"},"query-input":{"@type":"PropertyValueSpecification","valueRequired":true,"valueName":"search_term_string"}}],"inLanguage":"de"},{"@type":["Person","Organization"],"@id":"https:\/\/alexkunztaipei.com\/de\/#\/schema\/person\/94fe6c3262c27dc420b69671af794176","name":"Alex Kunz","image":{"@type":"ImageObject","inLanguage":"de","@id":"https:\/\/alexkunztaipei.com\/de\/#\/schema\/person\/image\/","url":"https:\/\/alexkunztaipei.com\/de\/wp-content\/uploads\/2025\/05\/Alex-Kunz-Profile-Picture.jpg","contentUrl":"https:\/\/alexkunztaipei.com\/de\/wp-content\/uploads\/2025\/05\/Alex-Kunz-Profile-Picture.jpg","width":533,"height":800,"caption":"Alex Kunz"},"logo":{"@id":"https:\/\/alexkunztaipei.com\/de\/#\/schema\/person\/image\/"},"description":"Alexander Kunz ist Blogger, Forscher und Hobbyfotograf mit Wohnsitz in Taiwan. Seit \u00fcber zehn Jahren dokumentiert er kulturelle, gesellschaftliche und geografische Aspekte des Landes. Auf seinem Blog teilt er pers\u00f6nliche Einblicke, Karten und Datenvisualisierungen. Seine Beitr\u00e4ge richten sich an alle, die Taiwan abseits der Schlagzeilen kennenlernen m\u00f6chten.","sameAs":["https:\/\/alexkunztaipei.com\/de","https:\/\/www.facebook.com\/alexkunztaipei\/","https:\/\/www.instagram.com\/taiwan_maps_and_dataviz\/","https:\/\/www.linkedin.com\/in\/alexander-kunz-in-taiwan\/"]}]}},"_links":{"self":[{"href":"https:\/\/alexkunztaipei.com\/de\/wp-json\/wp\/v2\/pages\/358","targetHints":{"allow":["GET"]}}],"collection":[{"href":"https:\/\/alexkunztaipei.com\/de\/wp-json\/wp\/v2\/pages"}],"about":[{"href":"https:\/\/alexkunztaipei.com\/de\/wp-json\/wp\/v2\/types\/page"}],"author":[{"embeddable":true,"href":"https:\/\/alexkunztaipei.com\/de\/wp-json\/wp\/v2\/users\/1"}],"replies":[{"embeddable":true,"href":"https:\/\/alexkunztaipei.com\/de\/wp-json\/wp\/v2\/comments?post=358"}],"version-history":[{"count":4,"href":"https:\/\/alexkunztaipei.com\/de\/wp-json\/wp\/v2\/pages\/358\/revisions"}],"predecessor-version":[{"id":362,"href":"https:\/\/alexkunztaipei.com\/de\/wp-json\/wp\/v2\/pages\/358\/revisions\/362"}],"wp:attachment":[{"href":"https:\/\/alexkunztaipei.com\/de\/wp-json\/wp\/v2\/media?parent=358"}],"curies":[{"name":"wp","href":"https:\/\/api.w.org\/{rel}","templated":true}]}}